{"id":17918,"date":"2025-05-02T13:52:14","date_gmt":"2025-05-02T13:52:14","guid":{"rendered":"https:\/\/creagio.shop\/?post_type=product&#038;p=17918"},"modified":"2025-05-02T13:56:57","modified_gmt":"2025-05-02T13:56:57","slug":"dark-echo","status":"publish","type":"product","link":"https:\/\/creagio.shop\/tr\/urun\/dark-echo\/","title":{"rendered":"Dark Echo"},"content":{"rendered":"","protected":false},"excerpt":{"rendered":"<p>Dumanl\u0131 siyah cam ve koyu ayna ile tasarlanan bu etkileyici par\u00e7a, g\u00fc\u00e7l\u00fc bir derinlik hissi uyand\u0131r\u0131r. Lehim k\u0131s\u0131mlar\u0131ndaki eskitme dokunu\u015f, tasar\u0131ma zamans\u0131z ve karakterli bir g\u00f6r\u00fcn\u00fcm kazand\u0131r\u0131r. Echo Serisi\u2019nin karanl\u0131k ve dramatik yorumudur.<\/p>\n","protected":false},"featured_media":17893,"comment_status":"open","ping_status":"closed","template":"","meta":[],"product_brand":[],"product_cat":[135],"product_tag":[],"class_list":{"0":"post-17918","1":"product","2":"type-product","3":"status-publish","4":"has-post-thumbnail","6":"product_cat-echo-serisi","8":"first","9":"instock","10":"sale","11":"shipping-taxable","12":"purchasable","13":"product-type-simple"},"_links":{"self":[{"href":"https:\/\/creagio.shop\/tr\/wp-json\/wp\/v2\/product\/17918","targetHints":{"allow":["GET"]}}],"collection":[{"href":"https:\/\/creagio.shop\/tr\/wp-json\/wp\/v2\/product"}],"about":[{"href":"https:\/\/creagio.shop\/tr\/wp-json\/wp\/v2\/types\/product"}],"replies":[{"embeddable":true,"href":"https:\/\/creagio.shop\/tr\/wp-json\/wp\/v2\/comments?post=17918"}],"version-history":[{"count":2,"href":"https:\/\/creagio.shop\/tr\/wp-json\/wp\/v2\/product\/17918\/revisions"}],"predecessor-version":[{"id":17922,"href":"https:\/\/creagio.shop\/tr\/wp-json\/wp\/v2\/product\/17918\/revisions\/17922"}],"wp:featuredmedia":[{"embeddable":true,"href":"https:\/\/creagio.shop\/tr\/wp-json\/wp\/v2\/media\/17893"}],"wp:attachment":[{"href":"https:\/\/creagio.shop\/tr\/wp-json\/wp\/v2\/media?parent=17918"}],"wp:term":[{"taxonomy":"product_brand","embeddable":true,"href":"https:\/\/creagio.shop\/tr\/wp-json\/wp\/v2\/product_brand?post=17918"},{"taxonomy":"product_cat","embeddable":true,"href":"https:\/\/creagio.shop\/tr\/wp-json\/wp\/v2\/product_cat?post=17918"},{"taxonomy":"product_tag","embeddable":true,"href":"https:\/\/creagio.shop\/tr\/wp-json\/wp\/v2\/product_tag?post=17918"}],"curies":[{"name":"wp","href":"https:\/\/api.w.org\/{rel}","templated":true}]}}