{"id":17866,"date":"2025-04-30T08:46:35","date_gmt":"2025-04-30T08:46:35","guid":{"rendered":"https:\/\/creagio.shop\/?post_type=product&#038;p=17866"},"modified":"2025-04-30T09:02:53","modified_gmt":"2025-04-30T09:02:53","slug":"light-echo","status":"publish","type":"product","link":"https:\/\/creagio.shop\/tr\/urun\/light-echo\/","title":{"rendered":"Light Echo"},"content":{"rendered":"","protected":false},"excerpt":{"rendered":"<p>Sedefli opal beyaz vitray cam ve hafif bronz tonlu ayna ile tasarlanan bu zarif par\u00e7a, bulundu\u011fu ortama yumu\u015fak bir \u0131\u015f\u0131lt\u0131 ve do\u011fal bir s\u0131cakl\u0131k katar. Organik hatlar\u0131yla huzurlu bir ak\u0131\u015f hissi yarat\u0131rken, Echo Serisi\u2019nin ayd\u0131nl\u0131k ve dingin yorumunu sunar.<\/p>\n","protected":false},"featured_media":17874,"comment_status":"open","ping_status":"closed","template":"","meta":[],"product_brand":[],"product_cat":[135],"product_tag":[],"class_list":{"0":"post-17866","1":"product","2":"type-product","3":"status-publish","4":"has-post-thumbnail","6":"product_cat-echo-serisi","8":"first","9":"instock","10":"sale","11":"shipping-taxable","12":"purchasable","13":"product-type-simple"},"_links":{"self":[{"href":"https:\/\/creagio.shop\/tr\/wp-json\/wp\/v2\/product\/17866","targetHints":{"allow":["GET"]}}],"collection":[{"href":"https:\/\/creagio.shop\/tr\/wp-json\/wp\/v2\/product"}],"about":[{"href":"https:\/\/creagio.shop\/tr\/wp-json\/wp\/v2\/types\/product"}],"replies":[{"embeddable":true,"href":"https:\/\/creagio.shop\/tr\/wp-json\/wp\/v2\/comments?post=17866"}],"version-history":[{"count":1,"href":"https:\/\/creagio.shop\/tr\/wp-json\/wp\/v2\/product\/17866\/revisions"}],"predecessor-version":[{"id":17876,"href":"https:\/\/creagio.shop\/tr\/wp-json\/wp\/v2\/product\/17866\/revisions\/17876"}],"wp:featuredmedia":[{"embeddable":true,"href":"https:\/\/creagio.shop\/tr\/wp-json\/wp\/v2\/media\/17874"}],"wp:attachment":[{"href":"https:\/\/creagio.shop\/tr\/wp-json\/wp\/v2\/media?parent=17866"}],"wp:term":[{"taxonomy":"product_brand","embeddable":true,"href":"https:\/\/creagio.shop\/tr\/wp-json\/wp\/v2\/product_brand?post=17866"},{"taxonomy":"product_cat","embeddable":true,"href":"https:\/\/creagio.shop\/tr\/wp-json\/wp\/v2\/product_cat?post=17866"},{"taxonomy":"product_tag","embeddable":true,"href":"https:\/\/creagio.shop\/tr\/wp-json\/wp\/v2\/product_tag?post=17866"}],"curies":[{"name":"wp","href":"https:\/\/api.w.org\/{rel}","templated":true}]}}