{"id":17756,"date":"2025-04-11T08:48:44","date_gmt":"2025-04-11T08:48:44","guid":{"rendered":"https:\/\/creagio.shop\/?post_type=product&#038;p=17756"},"modified":"2025-09-15T07:30:30","modified_gmt":"2025-09-15T07:30:30","slug":"vitray-yapim-kiti","status":"publish","type":"product","link":"https:\/\/creagio.shop\/tr\/urun\/vitray-yapim-kiti\/","title":{"rendered":"Vitray Yap\u0131m Kiti"},"content":{"rendered":"","protected":false},"excerpt":{"rendered":"<p class=\"\" data-start=\"146\" data-end=\"432\"><strong data-start=\"146\" data-end=\"185\">Kendi vitray tasar\u0131m\u0131n\u0131 kendin yap!<\/strong><br data-start=\"185\" data-end=\"188\" \/>Bu \u00f6zel yap\u0131m kitiyle, saks\u0131ya yerle\u015ftirilebilecek dekoratif kakt\u00fcs ve yonca fig\u00fcrlerini ad\u0131m ad\u0131m kendin olu\u015fturabilirsin. Camlar \u00f6nceden kesilmi\u015f olarak gelir; sen sadece kenarlar\u0131n\u0131 folyolay\u0131p lehimleyerek kendi vitray eserini tamaml\u0131yorsun.<\/p>\n<p class=\"\" data-start=\"652\" data-end=\"1004\">Folyolama ve lehimleme i\u015flemlerini kendin yaparak bu sanat formuna yak\u0131ndan dokunacaks\u0131n. Ba\u015flang\u0131\u00e7 seviyesine uygun bu set sayesinde hem el becerilerini geli\u015ftirebilir hem de ortaya kendi el eme\u011fin olan dekoratif bir obje \u00e7\u0131karabilirsin. Tamamlad\u0131\u011f\u0131n vitray tasar\u0131m\u0131, k\u00fc\u00e7\u00fck bir saks\u0131ya yerle\u015ftirilerek i\u00e7 mek\u00e2na do\u011fal ve estetik bir dokunu\u015f katacak.<\/p>\n","protected":false},"featured_media":17782,"comment_status":"open","ping_status":"closed","template":"","meta":[],"product_brand":[],"product_cat":[128],"product_tag":[],"class_list":{"0":"post-17756","1":"product","2":"type-product","3":"status-publish","4":"has-post-thumbnail","6":"product_cat-yapim-kiti","8":"first","9":"instock","10":"sale","11":"shipping-taxable","12":"purchasable","13":"product-type-variable","14":"has-default-attributes"},"_links":{"self":[{"href":"https:\/\/creagio.shop\/tr\/wp-json\/wp\/v2\/product\/17756","targetHints":{"allow":["GET"]}}],"collection":[{"href":"https:\/\/creagio.shop\/tr\/wp-json\/wp\/v2\/product"}],"about":[{"href":"https:\/\/creagio.shop\/tr\/wp-json\/wp\/v2\/types\/product"}],"replies":[{"embeddable":true,"href":"https:\/\/creagio.shop\/tr\/wp-json\/wp\/v2\/comments?post=17756"}],"version-history":[{"count":8,"href":"https:\/\/creagio.shop\/tr\/wp-json\/wp\/v2\/product\/17756\/revisions"}],"predecessor-version":[{"id":17912,"href":"https:\/\/creagio.shop\/tr\/wp-json\/wp\/v2\/product\/17756\/revisions\/17912"}],"wp:featuredmedia":[{"embeddable":true,"href":"https:\/\/creagio.shop\/tr\/wp-json\/wp\/v2\/media\/17782"}],"wp:attachment":[{"href":"https:\/\/creagio.shop\/tr\/wp-json\/wp\/v2\/media?parent=17756"}],"wp:term":[{"taxonomy":"product_brand","embeddable":true,"href":"https:\/\/creagio.shop\/tr\/wp-json\/wp\/v2\/product_brand?post=17756"},{"taxonomy":"product_cat","embeddable":true,"href":"https:\/\/creagio.shop\/tr\/wp-json\/wp\/v2\/product_cat?post=17756"},{"taxonomy":"product_tag","embeddable":true,"href":"https:\/\/creagio.shop\/tr\/wp-json\/wp\/v2\/product_tag?post=17756"}],"curies":[{"name":"wp","href":"https:\/\/api.w.org\/{rel}","templated":true}]}}