{"id":17712,"date":"2025-03-20T14:08:35","date_gmt":"2025-03-20T14:08:35","guid":{"rendered":"https:\/\/creagio.shop\/?post_type=product&#038;p=17712"},"modified":"2025-03-20T14:12:40","modified_gmt":"2025-03-20T14:12:40","slug":"blueberry-light","status":"publish","type":"product","link":"https:\/\/creagio.shop\/tr\/urun\/blueberry-light\/","title":{"rendered":"Blueberry Light"},"content":{"rendered":"","protected":false},"excerpt":{"rendered":"<p>Yaban mersini dal\u0131ndan ilham alan Blueberry Light, el yap\u0131m\u0131 bir vitray sanat eseridir. Canl\u0131 mor meyveleri ve ye\u015fil yapraklar\u0131yla \u0131\u015f\u0131kla bulu\u015ftu\u011funda etkileyici bir atmosfer yarat\u0131r. Hafif yap\u0131s\u0131 ve asmas\u0131 kolay zinciriyle her mek\u00e2nda zarif bir dokunu\u015f sunar.<\/p>\n","protected":false},"featured_media":17708,"comment_status":"open","ping_status":"closed","template":"","meta":[],"product_brand":[],"product_cat":[81],"product_tag":[],"class_list":{"0":"post-17712","1":"product","2":"type-product","3":"status-publish","4":"has-post-thumbnail","6":"product_cat-nature-collection-tr","8":"first","9":"instock","10":"sale","11":"shipping-taxable","12":"purchasable","13":"product-type-simple"},"_links":{"self":[{"href":"https:\/\/creagio.shop\/tr\/wp-json\/wp\/v2\/product\/17712","targetHints":{"allow":["GET"]}}],"collection":[{"href":"https:\/\/creagio.shop\/tr\/wp-json\/wp\/v2\/product"}],"about":[{"href":"https:\/\/creagio.shop\/tr\/wp-json\/wp\/v2\/types\/product"}],"replies":[{"embeddable":true,"href":"https:\/\/creagio.shop\/tr\/wp-json\/wp\/v2\/comments?post=17712"}],"version-history":[{"count":1,"href":"https:\/\/creagio.shop\/tr\/wp-json\/wp\/v2\/product\/17712\/revisions"}],"predecessor-version":[{"id":17714,"href":"https:\/\/creagio.shop\/tr\/wp-json\/wp\/v2\/product\/17712\/revisions\/17714"}],"wp:featuredmedia":[{"embeddable":true,"href":"https:\/\/creagio.shop\/tr\/wp-json\/wp\/v2\/media\/17708"}],"wp:attachment":[{"href":"https:\/\/creagio.shop\/tr\/wp-json\/wp\/v2\/media?parent=17712"}],"wp:term":[{"taxonomy":"product_brand","embeddable":true,"href":"https:\/\/creagio.shop\/tr\/wp-json\/wp\/v2\/product_brand?post=17712"},{"taxonomy":"product_cat","embeddable":true,"href":"https:\/\/creagio.shop\/tr\/wp-json\/wp\/v2\/product_cat?post=17712"},{"taxonomy":"product_tag","embeddable":true,"href":"https:\/\/creagio.shop\/tr\/wp-json\/wp\/v2\/product_tag?post=17712"}],"curies":[{"name":"wp","href":"https:\/\/api.w.org\/{rel}","templated":true}]}}