{"id":17441,"date":"2025-02-19T07:19:57","date_gmt":"2025-02-19T07:19:57","guid":{"rendered":"https:\/\/creagio.shop\/?post_type=product&#038;p=17441"},"modified":"2025-02-19T07:36:01","modified_gmt":"2025-02-19T07:36:01","slug":"gaias-crescent","status":"publish","type":"product","link":"https:\/\/creagio.shop\/tr\/urun\/gaias-crescent\/","title":{"rendered":"Gaia\u2019s Crescent"},"content":{"rendered":"","protected":false},"excerpt":{"rendered":"<p data-start=\"28\" data-end=\"268\">Do\u011fan\u0131n dingin ruhunu ve g\u00f6ky\u00fcz\u00fcn\u00fcn sonsuz huzurunu bir araya getiren <strong data-start=\"98\" data-end=\"117\">Gaia\u2019s Crescent<\/strong>, Eclipse Koleksiyonu\u2019nun e\u015fsiz \u00fcyelerinden biri. Ye\u015filin ve mavinin uyumuyla tasarlanan bu vitray par\u00e7a, do\u011fan\u0131n enerjisini ya\u015fam alan\u0131n\u0131za ta\u015f\u0131yor.<\/p>\n<p data-start=\"270\" data-end=\"428\">Her par\u00e7a gibi <strong data-start=\"285\" data-end=\"331\">Gaia\u2019s Crescent de tek ve \u00f6zel bir tasar\u0131m<\/strong>. Ayn\u0131 tasar\u0131m\u0131n bir daha \u00fcretilmeyece\u011fini unutmay\u0131n\u2014bu hilal sadece bir ki\u015fiye ait olacak! \ud83c\udf3f\u2728<\/p>\n","protected":false},"featured_media":17450,"comment_status":"open","ping_status":"closed","template":"","meta":[],"product_brand":[],"product_cat":[126],"product_tag":[],"class_list":{"0":"post-17441","1":"product","2":"type-product","3":"status-publish","4":"has-post-thumbnail","6":"product_cat-eclipse-koleksiyonu","8":"first","9":"instock","10":"sale","11":"shipping-taxable","12":"purchasable","13":"product-type-simple"},"_links":{"self":[{"href":"https:\/\/creagio.shop\/tr\/wp-json\/wp\/v2\/product\/17441","targetHints":{"allow":["GET"]}}],"collection":[{"href":"https:\/\/creagio.shop\/tr\/wp-json\/wp\/v2\/product"}],"about":[{"href":"https:\/\/creagio.shop\/tr\/wp-json\/wp\/v2\/types\/product"}],"replies":[{"embeddable":true,"href":"https:\/\/creagio.shop\/tr\/wp-json\/wp\/v2\/comments?post=17441"}],"version-history":[{"count":1,"href":"https:\/\/creagio.shop\/tr\/wp-json\/wp\/v2\/product\/17441\/revisions"}],"predecessor-version":[{"id":17454,"href":"https:\/\/creagio.shop\/tr\/wp-json\/wp\/v2\/product\/17441\/revisions\/17454"}],"wp:featuredmedia":[{"embeddable":true,"href":"https:\/\/creagio.shop\/tr\/wp-json\/wp\/v2\/media\/17450"}],"wp:attachment":[{"href":"https:\/\/creagio.shop\/tr\/wp-json\/wp\/v2\/media?parent=17441"}],"wp:term":[{"taxonomy":"product_brand","embeddable":true,"href":"https:\/\/creagio.shop\/tr\/wp-json\/wp\/v2\/product_brand?post=17441"},{"taxonomy":"product_cat","embeddable":true,"href":"https:\/\/creagio.shop\/tr\/wp-json\/wp\/v2\/product_cat?post=17441"},{"taxonomy":"product_tag","embeddable":true,"href":"https:\/\/creagio.shop\/tr\/wp-json\/wp\/v2\/product_tag?post=17441"}],"curies":[{"name":"wp","href":"https:\/\/api.w.org\/{rel}","templated":true}]}}