{"id":17417,"date":"2025-02-17T09:25:40","date_gmt":"2025-02-17T09:25:40","guid":{"rendered":"https:\/\/creagio.shop\/?post_type=product&#038;p=17417"},"modified":"2025-02-17T09:34:57","modified_gmt":"2025-02-17T09:34:57","slug":"celestial-echo","status":"publish","type":"product","link":"https:\/\/creagio.shop\/tr\/urun\/celestial-echo\/","title":{"rendered":"Celestial Echo"},"content":{"rendered":"","protected":false},"excerpt":{"rendered":"<p data-start=\"433\" data-end=\"763\">G\u00f6ky\u00fcz\u00fcn\u00fcn yank\u0131s\u0131, \u0131\u015f\u0131\u011f\u0131n yans\u0131mas\u0131\u2026 <strong data-start=\"471\" data-end=\"489\">Celestial Echo<\/strong>, vitray ve aynan\u0131n b\u00fcy\u00fcleyici birle\u015fimiyle olu\u015fturulmu\u015f, tamamen tek ve \u00f6zel bir tasar\u0131md\u0131r. I\u015f\u0131\u011f\u0131n camlardaki dans\u0131 ve ayna y\u00fczeyindeki yans\u0131malar, bu par\u00e7ay\u0131 e\u015fsiz k\u0131l\u0131yor. Bu tasar\u0131m\u0131n tekrar\u0131 yok; yaln\u0131zca bir tane \u00fcretildi ve bir daha ayn\u0131 \u015fekilde yap\u0131lmayacak. \ud83c\udf19\ud83d\udcab<\/p>\n<p data-start=\"765\" data-end=\"847\" data-is-last-node=\"\">Eclipse Koleksiyonu\u2019nun en nadide par\u00e7alar\u0131ndan birine sahip olmak i\u00e7in ge\u00e7 kalma!<\/p>\n","protected":false},"featured_media":17425,"comment_status":"open","ping_status":"closed","template":"","meta":[],"product_brand":[],"product_cat":[126],"product_tag":[],"class_list":{"0":"post-17417","1":"product","2":"type-product","3":"status-publish","4":"has-post-thumbnail","6":"product_cat-eclipse-koleksiyonu","8":"first","9":"instock","10":"sale","11":"shipping-taxable","12":"purchasable","13":"product-type-simple"},"_links":{"self":[{"href":"https:\/\/creagio.shop\/tr\/wp-json\/wp\/v2\/product\/17417","targetHints":{"allow":["GET"]}}],"collection":[{"href":"https:\/\/creagio.shop\/tr\/wp-json\/wp\/v2\/product"}],"about":[{"href":"https:\/\/creagio.shop\/tr\/wp-json\/wp\/v2\/types\/product"}],"replies":[{"embeddable":true,"href":"https:\/\/creagio.shop\/tr\/wp-json\/wp\/v2\/comments?post=17417"}],"version-history":[{"count":2,"href":"https:\/\/creagio.shop\/tr\/wp-json\/wp\/v2\/product\/17417\/revisions"}],"predecessor-version":[{"id":17430,"href":"https:\/\/creagio.shop\/tr\/wp-json\/wp\/v2\/product\/17417\/revisions\/17430"}],"wp:featuredmedia":[{"embeddable":true,"href":"https:\/\/creagio.shop\/tr\/wp-json\/wp\/v2\/media\/17425"}],"wp:attachment":[{"href":"https:\/\/creagio.shop\/tr\/wp-json\/wp\/v2\/media?parent=17417"}],"wp:term":[{"taxonomy":"product_brand","embeddable":true,"href":"https:\/\/creagio.shop\/tr\/wp-json\/wp\/v2\/product_brand?post=17417"},{"taxonomy":"product_cat","embeddable":true,"href":"https:\/\/creagio.shop\/tr\/wp-json\/wp\/v2\/product_cat?post=17417"},{"taxonomy":"product_tag","embeddable":true,"href":"https:\/\/creagio.shop\/tr\/wp-json\/wp\/v2\/product_tag?post=17417"}],"curies":[{"name":"wp","href":"https:\/\/api.w.org\/{rel}","templated":true}]}}