{"id":17392,"date":"2025-02-17T08:25:19","date_gmt":"2025-02-17T08:25:19","guid":{"rendered":"https:\/\/creagio.shop\/?post_type=product&#038;p=17392"},"modified":"2025-02-17T09:34:31","modified_gmt":"2025-02-17T09:34:31","slug":"fragmented-moon","status":"publish","type":"product","link":"https:\/\/creagio.shop\/tr\/urun\/fragmented-moon\/","title":{"rendered":"Fragmented Moon"},"content":{"rendered":"","protected":false},"excerpt":{"rendered":"<p data-start=\"23\" data-end=\"333\">Par\u00e7alar\u0131n kusursuz uyumuyla \u015fekillenen <strong data-start=\"63\" data-end=\"82\">Fragmented Moon<\/strong>, tek ve e\u015fsiz bir vitray tasar\u0131m\u0131d\u0131r. Ay\u0131n b\u00fcy\u00fcleyici formu, farkl\u0131 dokular ve renklerin uyumuyla hayat buluyor. Her cam par\u00e7as\u0131 \u00f6zenle se\u00e7ilmi\u015f ve bir araya getirilmi\u015ftir. Bu tasar\u0131m\u0131n bir benzeri olmayacak; sadece bir tane var ve o da burada. \ud83c\udf19\u2728<\/p>\n<p data-start=\"335\" data-end=\"402\">Bu \u00f6zel par\u00e7ay\u0131 ke\u015ffet ve Eclipse Koleksiyonu\u2019nun b\u00fcy\u00fcs\u00fcne kap\u0131l!<\/p>\n","protected":false},"featured_media":17401,"comment_status":"open","ping_status":"closed","template":"","meta":[],"product_brand":[],"product_cat":[126],"product_tag":[],"class_list":{"0":"post-17392","1":"product","2":"type-product","3":"status-publish","4":"has-post-thumbnail","6":"product_cat-eclipse-koleksiyonu","8":"first","9":"instock","10":"sale","11":"shipping-taxable","12":"purchasable","13":"product-type-simple"},"_links":{"self":[{"href":"https:\/\/creagio.shop\/tr\/wp-json\/wp\/v2\/product\/17392","targetHints":{"allow":["GET"]}}],"collection":[{"href":"https:\/\/creagio.shop\/tr\/wp-json\/wp\/v2\/product"}],"about":[{"href":"https:\/\/creagio.shop\/tr\/wp-json\/wp\/v2\/types\/product"}],"replies":[{"embeddable":true,"href":"https:\/\/creagio.shop\/tr\/wp-json\/wp\/v2\/comments?post=17392"}],"version-history":[{"count":1,"href":"https:\/\/creagio.shop\/tr\/wp-json\/wp\/v2\/product\/17392\/revisions"}],"predecessor-version":[{"id":17411,"href":"https:\/\/creagio.shop\/tr\/wp-json\/wp\/v2\/product\/17392\/revisions\/17411"}],"wp:featuredmedia":[{"embeddable":true,"href":"https:\/\/creagio.shop\/tr\/wp-json\/wp\/v2\/media\/17401"}],"wp:attachment":[{"href":"https:\/\/creagio.shop\/tr\/wp-json\/wp\/v2\/media?parent=17392"}],"wp:term":[{"taxonomy":"product_brand","embeddable":true,"href":"https:\/\/creagio.shop\/tr\/wp-json\/wp\/v2\/product_brand?post=17392"},{"taxonomy":"product_cat","embeddable":true,"href":"https:\/\/creagio.shop\/tr\/wp-json\/wp\/v2\/product_cat?post=17392"},{"taxonomy":"product_tag","embeddable":true,"href":"https:\/\/creagio.shop\/tr\/wp-json\/wp\/v2\/product_tag?post=17392"}],"curies":[{"name":"wp","href":"https:\/\/api.w.org\/{rel}","templated":true}]}}