{"id":17279,"date":"2025-01-31T07:39:36","date_gmt":"2025-01-31T07:39:36","guid":{"rendered":"https:\/\/creagio.shop\/?post_type=product&#038;p=17279"},"modified":"2025-01-31T08:16:18","modified_gmt":"2025-01-31T08:16:18","slug":"serenity","status":"publish","type":"product","link":"https:\/\/creagio.shop\/tr\/urun\/serenity\/","title":{"rendered":"Serenity"},"content":{"rendered":"","protected":false},"excerpt":{"rendered":"<p><strong>Serenity<\/strong>, geometrik formlar ve yumu\u015fak tonlar\u0131n uyumuyla huzurlu bir estetik sunar. A\u00e7\u0131k krem, \u015feffaf ve derin mor camlar\u0131n birle\u015fimi, \u0131\u015f\u0131kla etkile\u015ferek mek\u00e2na dingin bir atmosfer katar. Zamans\u0131z tasar\u0131m\u0131yla her ortamda sofistike bir dokunu\u015f yarat\u0131r.<\/p>\n","protected":false},"featured_media":17290,"comment_status":"open","ping_status":"closed","template":"","meta":[],"product_brand":[],"product_cat":[123],"product_tag":[],"class_list":{"0":"post-17279","1":"product","2":"type-product","3":"status-publish","4":"has-post-thumbnail","6":"product_cat-geometri-koleksiyonu","8":"first","9":"instock","10":"sale","11":"shipping-taxable","12":"purchasable","13":"product-type-simple"},"_links":{"self":[{"href":"https:\/\/creagio.shop\/tr\/wp-json\/wp\/v2\/product\/17279","targetHints":{"allow":["GET"]}}],"collection":[{"href":"https:\/\/creagio.shop\/tr\/wp-json\/wp\/v2\/product"}],"about":[{"href":"https:\/\/creagio.shop\/tr\/wp-json\/wp\/v2\/types\/product"}],"replies":[{"embeddable":true,"href":"https:\/\/creagio.shop\/tr\/wp-json\/wp\/v2\/comments?post=17279"}],"version-history":[{"count":1,"href":"https:\/\/creagio.shop\/tr\/wp-json\/wp\/v2\/product\/17279\/revisions"}],"predecessor-version":[{"id":17296,"href":"https:\/\/creagio.shop\/tr\/wp-json\/wp\/v2\/product\/17279\/revisions\/17296"}],"wp:featuredmedia":[{"embeddable":true,"href":"https:\/\/creagio.shop\/tr\/wp-json\/wp\/v2\/media\/17290"}],"wp:attachment":[{"href":"https:\/\/creagio.shop\/tr\/wp-json\/wp\/v2\/media?parent=17279"}],"wp:term":[{"taxonomy":"product_brand","embeddable":true,"href":"https:\/\/creagio.shop\/tr\/wp-json\/wp\/v2\/product_brand?post=17279"},{"taxonomy":"product_cat","embeddable":true,"href":"https:\/\/creagio.shop\/tr\/wp-json\/wp\/v2\/product_cat?post=17279"},{"taxonomy":"product_tag","embeddable":true,"href":"https:\/\/creagio.shop\/tr\/wp-json\/wp\/v2\/product_tag?post=17279"}],"curies":[{"name":"wp","href":"https:\/\/api.w.org\/{rel}","templated":true}]}}