{"id":17250,"date":"2025-01-29T07:53:47","date_gmt":"2025-01-29T07:53:47","guid":{"rendered":"https:\/\/creagio.shop\/?post_type=product&#038;p=17250"},"modified":"2025-01-29T08:12:27","modified_gmt":"2025-01-29T08:12:27","slug":"momentum","status":"publish","type":"product","link":"https:\/\/creagio.shop\/tr\/urun\/momentum\/","title":{"rendered":"Momentum"},"content":{"rendered":"","protected":false},"excerpt":{"rendered":"<p>Enerjiyi ve hareketi yans\u0131tan <strong>Momentum<\/strong>, mavi, turuncu ve \u015feffaf camlar\u0131n dinamik birle\u015fimiyle tasarlanm\u0131\u015ft\u0131r. Geometrik \u00e7izgiler, modern bir zarafetle birle\u015ferek her mekana canl\u0131l\u0131k katar. El i\u015f\u00e7ili\u011fiyle \u00fcretilen bu e\u015fsiz par\u00e7a, i\u00e7 mekanlar\u0131n\u0131za \u00e7a\u011fda\u015f bir dokunu\u015f sunar.<\/p>\n","protected":false},"featured_media":17257,"comment_status":"open","ping_status":"closed","template":"","meta":[],"product_brand":[],"product_cat":[123],"product_tag":[],"class_list":{"0":"post-17250","1":"product","2":"type-product","3":"status-publish","4":"has-post-thumbnail","6":"product_cat-geometri-koleksiyonu","8":"first","9":"instock","10":"sale","11":"shipping-taxable","12":"purchasable","13":"product-type-simple"},"_links":{"self":[{"href":"https:\/\/creagio.shop\/tr\/wp-json\/wp\/v2\/product\/17250","targetHints":{"allow":["GET"]}}],"collection":[{"href":"https:\/\/creagio.shop\/tr\/wp-json\/wp\/v2\/product"}],"about":[{"href":"https:\/\/creagio.shop\/tr\/wp-json\/wp\/v2\/types\/product"}],"replies":[{"embeddable":true,"href":"https:\/\/creagio.shop\/tr\/wp-json\/wp\/v2\/comments?post=17250"}],"version-history":[{"count":2,"href":"https:\/\/creagio.shop\/tr\/wp-json\/wp\/v2\/product\/17250\/revisions"}],"predecessor-version":[{"id":17271,"href":"https:\/\/creagio.shop\/tr\/wp-json\/wp\/v2\/product\/17250\/revisions\/17271"}],"wp:featuredmedia":[{"embeddable":true,"href":"https:\/\/creagio.shop\/tr\/wp-json\/wp\/v2\/media\/17257"}],"wp:attachment":[{"href":"https:\/\/creagio.shop\/tr\/wp-json\/wp\/v2\/media?parent=17250"}],"wp:term":[{"taxonomy":"product_brand","embeddable":true,"href":"https:\/\/creagio.shop\/tr\/wp-json\/wp\/v2\/product_brand?post=17250"},{"taxonomy":"product_cat","embeddable":true,"href":"https:\/\/creagio.shop\/tr\/wp-json\/wp\/v2\/product_cat?post=17250"},{"taxonomy":"product_tag","embeddable":true,"href":"https:\/\/creagio.shop\/tr\/wp-json\/wp\/v2\/product_tag?post=17250"}],"curies":[{"name":"wp","href":"https:\/\/api.w.org\/{rel}","templated":true}]}}