{"id":17150,"date":"2025-01-16T06:35:27","date_gmt":"2025-01-16T06:35:27","guid":{"rendered":"https:\/\/creagio.shop\/?post_type=product&#038;p=17150"},"modified":"2025-03-20T14:17:35","modified_gmt":"2025-03-20T14:17:35","slug":"natures-mirror","status":"publish","type":"product","link":"https:\/\/creagio.shop\/tr\/urun\/natures-mirror\/","title":{"rendered":"Nature&#8217;s Mirror"},"content":{"rendered":"","protected":false},"excerpt":{"rendered":"<p>Nature&#8217;s Mirror, el yap\u0131m\u0131 vitray tasar\u0131m\u0131yla do\u011fan\u0131n g\u00fczelliklerini ya\u015fam alanlar\u0131n\u0131za ta\u015f\u0131r. Ye\u015fil tonlar\u0131 ve g\u00fcne\u015f yans\u0131malar\u0131yla hem fonksiyonel hem dekoratif bir sanat eseri olan bu ayna, duvara as\u0131larak veya \u015fifonyer \u00fczerinde kullan\u0131labilir. Mekanlara \u0131\u015f\u0131k ve huzur katarak do\u011fal bir zarafet sunar. Ev ve ofis dekorasyonunda do\u011fal bir zarafet arayanlar i\u00e7in ideal bir se\u00e7im.<\/p>\n","protected":false},"featured_media":17533,"comment_status":"open","ping_status":"closed","template":"","meta":[],"product_brand":[],"product_cat":[81],"product_tag":[],"class_list":{"0":"post-17150","1":"product","2":"type-product","3":"status-publish","4":"has-post-thumbnail","6":"product_cat-nature-collection-tr","8":"first","9":"instock","10":"sale","11":"shipping-taxable","12":"purchasable","13":"product-type-simple"},"_links":{"self":[{"href":"https:\/\/creagio.shop\/tr\/wp-json\/wp\/v2\/product\/17150","targetHints":{"allow":["GET"]}}],"collection":[{"href":"https:\/\/creagio.shop\/tr\/wp-json\/wp\/v2\/product"}],"about":[{"href":"https:\/\/creagio.shop\/tr\/wp-json\/wp\/v2\/types\/product"}],"replies":[{"embeddable":true,"href":"https:\/\/creagio.shop\/tr\/wp-json\/wp\/v2\/comments?post=17150"}],"version-history":[{"count":1,"href":"https:\/\/creagio.shop\/tr\/wp-json\/wp\/v2\/product\/17150\/revisions"}],"predecessor-version":[{"id":17152,"href":"https:\/\/creagio.shop\/tr\/wp-json\/wp\/v2\/product\/17150\/revisions\/17152"}],"wp:featuredmedia":[{"embeddable":true,"href":"https:\/\/creagio.shop\/tr\/wp-json\/wp\/v2\/media\/17533"}],"wp:attachment":[{"href":"https:\/\/creagio.shop\/tr\/wp-json\/wp\/v2\/media?parent=17150"}],"wp:term":[{"taxonomy":"product_brand","embeddable":true,"href":"https:\/\/creagio.shop\/tr\/wp-json\/wp\/v2\/product_brand?post=17150"},{"taxonomy":"product_cat","embeddable":true,"href":"https:\/\/creagio.shop\/tr\/wp-json\/wp\/v2\/product_cat?post=17150"},{"taxonomy":"product_tag","embeddable":true,"href":"https:\/\/creagio.shop\/tr\/wp-json\/wp\/v2\/product_tag?post=17150"}],"curies":[{"name":"wp","href":"https:\/\/api.w.org\/{rel}","templated":true}]}}