{"id":17112,"date":"2025-01-08T06:27:20","date_gmt":"2025-01-08T06:27:20","guid":{"rendered":"https:\/\/creagio.shop\/?post_type=product&#038;p=17112"},"modified":"2025-09-15T07:16:42","modified_gmt":"2025-09-15T07:16:42","slug":"olive-light","status":"publish","type":"product","link":"https:\/\/creagio.shop\/tr\/urun\/olive-light\/","title":{"rendered":"Olive Light"},"content":{"rendered":"","protected":false},"excerpt":{"rendered":"<p><strong>Olive Light<\/strong>, zeytin dal\u0131n\u0131n zarafetinden ilham al\u0131narak tasarlanm\u0131\u015f el yap\u0131m\u0131 bir vitray sanat eseridir. Do\u011fan\u0131n bar\u0131\u015f ve bereket simgesi olan zeytin dal\u0131n\u0131n estetik g\u00fczelli\u011fini ya\u015fam alanlar\u0131n\u0131za ta\u015f\u0131yan bu tasar\u0131m, hem dekoratif hem de anlam y\u00fckl\u00fcd\u00fcr. El i\u015f\u00e7ili\u011fiyle \u00f6zenle haz\u0131rlanan <strong>Olive Light<\/strong>, hafif yap\u0131s\u0131 ve asmas\u0131 kolay zinciriyle her mek\u00e2nda zarif bir dokunu\u015f yarat\u0131r. Nature Koleksiyonu&#8217;nun bir par\u00e7as\u0131 olarak sunulan bu \u00f6zel par\u00e7a, do\u011fal bir esteti\u011fi evinize getiriyor.<\/p>\n","protected":false},"featured_media":17550,"comment_status":"open","ping_status":"closed","template":"","meta":[],"product_brand":[],"product_cat":[81],"product_tag":[],"class_list":{"0":"post-17112","1":"product","2":"type-product","3":"status-publish","4":"has-post-thumbnail","6":"product_cat-nature-collection-tr","8":"first","9":"outofstock","10":"sale","11":"shipping-taxable","12":"purchasable","13":"product-type-simple"},"_links":{"self":[{"href":"https:\/\/creagio.shop\/tr\/wp-json\/wp\/v2\/product\/17112","targetHints":{"allow":["GET"]}}],"collection":[{"href":"https:\/\/creagio.shop\/tr\/wp-json\/wp\/v2\/product"}],"about":[{"href":"https:\/\/creagio.shop\/tr\/wp-json\/wp\/v2\/types\/product"}],"replies":[{"embeddable":true,"href":"https:\/\/creagio.shop\/tr\/wp-json\/wp\/v2\/comments?post=17112"}],"version-history":[{"count":1,"href":"https:\/\/creagio.shop\/tr\/wp-json\/wp\/v2\/product\/17112\/revisions"}],"predecessor-version":[{"id":17121,"href":"https:\/\/creagio.shop\/tr\/wp-json\/wp\/v2\/product\/17112\/revisions\/17121"}],"wp:featuredmedia":[{"embeddable":true,"href":"https:\/\/creagio.shop\/tr\/wp-json\/wp\/v2\/media\/17550"}],"wp:attachment":[{"href":"https:\/\/creagio.shop\/tr\/wp-json\/wp\/v2\/media?parent=17112"}],"wp:term":[{"taxonomy":"product_brand","embeddable":true,"href":"https:\/\/creagio.shop\/tr\/wp-json\/wp\/v2\/product_brand?post=17112"},{"taxonomy":"product_cat","embeddable":true,"href":"https:\/\/creagio.shop\/tr\/wp-json\/wp\/v2\/product_cat?post=17112"},{"taxonomy":"product_tag","embeddable":true,"href":"https:\/\/creagio.shop\/tr\/wp-json\/wp\/v2\/product_tag?post=17112"}],"curies":[{"name":"wp","href":"https:\/\/api.w.org\/{rel}","templated":true}]}}