{"id":17086,"date":"2025-01-07T10:41:23","date_gmt":"2025-01-07T10:41:23","guid":{"rendered":"https:\/\/creagio.shop\/?post_type=product&#038;p=17086"},"modified":"2025-03-20T14:18:23","modified_gmt":"2025-03-20T14:18:23","slug":"eco-waves","status":"publish","type":"product","link":"https:\/\/creagio.shop\/tr\/urun\/eco-waves\/","title":{"rendered":"Eco Waves"},"content":{"rendered":"","protected":false},"excerpt":{"rendered":"<p><strong>Eco Waves<\/strong>, do\u011fadan ilham alan zarif ve \u00e7evre dostu bardak altl\u0131klar\u0131m\u0131zd\u0131r. Geri d\u00f6n\u00fc\u015ft\u00fcr\u00fclm\u00fc\u015f malzemelerle ve organik lehim kullan\u0131larak el i\u015f\u00e7ili\u011fiyle \u00fcretilen bu tasar\u0131m, hem \u015f\u0131kl\u0131\u011f\u0131 hem de s\u00fcrd\u00fcr\u00fclebilirli\u011fi bir araya getiriyor. Ye\u015fil ve mor tonlar\u0131n\u0131n uyumu, dalgal\u0131 hatlarla bulu\u015farak masalar\u0131n\u0131za do\u011fal bir estetik kat\u0131yor.<\/p>\n","protected":false},"featured_media":17092,"comment_status":"open","ping_status":"closed","template":"","meta":[],"product_brand":[],"product_cat":[88],"product_tag":[],"class_list":{"0":"post-17086","1":"product","2":"type-product","3":"status-publish","4":"has-post-thumbnail","6":"product_cat-geri-donusum-koleksiyonu","8":"first","9":"instock","10":"sale","11":"shipping-taxable","12":"purchasable","13":"product-type-simple"},"_links":{"self":[{"href":"https:\/\/creagio.shop\/tr\/wp-json\/wp\/v2\/product\/17086","targetHints":{"allow":["GET"]}}],"collection":[{"href":"https:\/\/creagio.shop\/tr\/wp-json\/wp\/v2\/product"}],"about":[{"href":"https:\/\/creagio.shop\/tr\/wp-json\/wp\/v2\/types\/product"}],"replies":[{"embeddable":true,"href":"https:\/\/creagio.shop\/tr\/wp-json\/wp\/v2\/comments?post=17086"}],"version-history":[{"count":1,"href":"https:\/\/creagio.shop\/tr\/wp-json\/wp\/v2\/product\/17086\/revisions"}],"predecessor-version":[{"id":17105,"href":"https:\/\/creagio.shop\/tr\/wp-json\/wp\/v2\/product\/17086\/revisions\/17105"}],"wp:featuredmedia":[{"embeddable":true,"href":"https:\/\/creagio.shop\/tr\/wp-json\/wp\/v2\/media\/17092"}],"wp:attachment":[{"href":"https:\/\/creagio.shop\/tr\/wp-json\/wp\/v2\/media?parent=17086"}],"wp:term":[{"taxonomy":"product_brand","embeddable":true,"href":"https:\/\/creagio.shop\/tr\/wp-json\/wp\/v2\/product_brand?post=17086"},{"taxonomy":"product_cat","embeddable":true,"href":"https:\/\/creagio.shop\/tr\/wp-json\/wp\/v2\/product_cat?post=17086"},{"taxonomy":"product_tag","embeddable":true,"href":"https:\/\/creagio.shop\/tr\/wp-json\/wp\/v2\/product_tag?post=17086"}],"curies":[{"name":"wp","href":"https:\/\/api.w.org\/{rel}","templated":true}]}}