{"id":16918,"date":"2024-12-29T09:56:11","date_gmt":"2024-12-29T09:56:11","guid":{"rendered":"https:\/\/creagio.shop\/?post_type=product&#038;p=16918"},"modified":"2025-03-20T14:18:32","modified_gmt":"2025-03-20T14:18:32","slug":"aurora-heart","status":"publish","type":"product","link":"https:\/\/creagio.shop\/tr\/urun\/aurora-heart\/","title":{"rendered":"Aurora Heart"},"content":{"rendered":"","protected":false},"excerpt":{"rendered":"<p>&#8220;Aurora Heart&#8221;, g\u00f6ky\u00fcz\u00fcnden ilham alan b\u00fcy\u00fcleyici bir tasar\u0131ma sahiptir. Iridesan renklerde (resimde g\u00f6r\u00fclen model), siyah ve sedefli beyaz olmak \u00fczere \u00fc\u00e7 renk se\u00e7ene\u011fi sunar. Her bir renk alternatifi, farkl\u0131 bir atmosfer yarat\u0131rken y\u0131ld\u0131zlar\u0131n ve galaksilerin b\u00fcy\u00fcleyici enerjisini ya\u015fam alanlar\u0131n\u0131za ta\u015f\u0131r. Zarif i\u015f\u00e7ili\u011fiyle dikkat \u00e7eken bu vitray kalp, eviniz i\u00e7in sofistike ve anlam dolu bir dekoratif \u00fcr\u00fcn.<\/p>\n","protected":false},"featured_media":17571,"comment_status":"open","ping_status":"closed","template":"","meta":[],"product_brand":[],"product_cat":[92],"product_tag":[],"class_list":{"0":"post-16918","1":"product","2":"type-product","3":"status-publish","4":"has-post-thumbnail","6":"product_cat-love-day-koleksiyonu","8":"first","9":"instock","10":"sale","11":"shipping-taxable","12":"purchasable","13":"product-type-variable","14":"has-default-attributes"},"_links":{"self":[{"href":"https:\/\/creagio.shop\/tr\/wp-json\/wp\/v2\/product\/16918","targetHints":{"allow":["GET"]}}],"collection":[{"href":"https:\/\/creagio.shop\/tr\/wp-json\/wp\/v2\/product"}],"about":[{"href":"https:\/\/creagio.shop\/tr\/wp-json\/wp\/v2\/types\/product"}],"replies":[{"embeddable":true,"href":"https:\/\/creagio.shop\/tr\/wp-json\/wp\/v2\/comments?post=16918"}],"version-history":[{"count":1,"href":"https:\/\/creagio.shop\/tr\/wp-json\/wp\/v2\/product\/16918\/revisions"}],"predecessor-version":[{"id":16931,"href":"https:\/\/creagio.shop\/tr\/wp-json\/wp\/v2\/product\/16918\/revisions\/16931"}],"wp:featuredmedia":[{"embeddable":true,"href":"https:\/\/creagio.shop\/tr\/wp-json\/wp\/v2\/media\/17571"}],"wp:attachment":[{"href":"https:\/\/creagio.shop\/tr\/wp-json\/wp\/v2\/media?parent=16918"}],"wp:term":[{"taxonomy":"product_brand","embeddable":true,"href":"https:\/\/creagio.shop\/tr\/wp-json\/wp\/v2\/product_brand?post=16918"},{"taxonomy":"product_cat","embeddable":true,"href":"https:\/\/creagio.shop\/tr\/wp-json\/wp\/v2\/product_cat?post=16918"},{"taxonomy":"product_tag","embeddable":true,"href":"https:\/\/creagio.shop\/tr\/wp-json\/wp\/v2\/product_tag?post=16918"}],"curies":[{"name":"wp","href":"https:\/\/api.w.org\/{rel}","templated":true}]}}