{"id":16901,"date":"2024-12-29T09:43:54","date_gmt":"2024-12-29T09:43:54","guid":{"rendered":"https:\/\/creagio.shop\/?post_type=product&#038;p=16901"},"modified":"2025-03-20T14:18:35","modified_gmt":"2025-03-20T14:18:35","slug":"rose-quartz-path","status":"publish","type":"product","link":"https:\/\/creagio.shop\/tr\/urun\/rose-quartz-path\/","title":{"rendered":"Rose Quartz Path"},"content":{"rendered":"","protected":false},"excerpt":{"rendered":"<p>&#8220;Rose Quartz Path&#8221; tasar\u0131m\u0131, pembe kuvars\u0131n zarafetini ve yumu\u015fak enerjisini yans\u0131tan vitray camlarla olu\u015fturuldu. Merkezindeki ayna, \u0131\u015f\u0131\u011f\u0131 yans\u0131tarak tasar\u0131ma parlakl\u0131k ve derinlik kazand\u0131r\u0131yor. Geometrik ve modern kalp formu ile hem romantik hem de zamans\u0131z bir dekoratif par\u00e7a. I\u015f\u0131kla dans eden bu tasar\u0131m, huzur dolu bir atmosfer yaratmak i\u00e7in m\u00fckemmel bir se\u00e7im.<\/p>\n","protected":false},"featured_media":16991,"comment_status":"open","ping_status":"closed","template":"","meta":[],"product_brand":[],"product_cat":[92],"product_tag":[],"class_list":{"0":"post-16901","1":"product","2":"type-product","3":"status-publish","4":"has-post-thumbnail","6":"product_cat-love-day-koleksiyonu","8":"first","9":"outofstock","10":"sale","11":"shipping-taxable","12":"purchasable","13":"product-type-simple"},"_links":{"self":[{"href":"https:\/\/creagio.shop\/tr\/wp-json\/wp\/v2\/product\/16901","targetHints":{"allow":["GET"]}}],"collection":[{"href":"https:\/\/creagio.shop\/tr\/wp-json\/wp\/v2\/product"}],"about":[{"href":"https:\/\/creagio.shop\/tr\/wp-json\/wp\/v2\/types\/product"}],"replies":[{"embeddable":true,"href":"https:\/\/creagio.shop\/tr\/wp-json\/wp\/v2\/comments?post=16901"}],"version-history":[{"count":1,"href":"https:\/\/creagio.shop\/tr\/wp-json\/wp\/v2\/product\/16901\/revisions"}],"predecessor-version":[{"id":16906,"href":"https:\/\/creagio.shop\/tr\/wp-json\/wp\/v2\/product\/16901\/revisions\/16906"}],"wp:featuredmedia":[{"embeddable":true,"href":"https:\/\/creagio.shop\/tr\/wp-json\/wp\/v2\/media\/16991"}],"wp:attachment":[{"href":"https:\/\/creagio.shop\/tr\/wp-json\/wp\/v2\/media?parent=16901"}],"wp:term":[{"taxonomy":"product_brand","embeddable":true,"href":"https:\/\/creagio.shop\/tr\/wp-json\/wp\/v2\/product_brand?post=16901"},{"taxonomy":"product_cat","embeddable":true,"href":"https:\/\/creagio.shop\/tr\/wp-json\/wp\/v2\/product_cat?post=16901"},{"taxonomy":"product_tag","embeddable":true,"href":"https:\/\/creagio.shop\/tr\/wp-json\/wp\/v2\/product_tag?post=16901"}],"curies":[{"name":"wp","href":"https:\/\/api.w.org\/{rel}","templated":true}]}}