{"id":16882,"date":"2024-12-29T09:11:00","date_gmt":"2024-12-29T09:11:00","guid":{"rendered":"https:\/\/creagio.shop\/?post_type=product&#038;p=16882"},"modified":"2025-03-20T14:18:37","modified_gmt":"2025-03-20T14:18:37","slug":"fluttering-hearts","status":"publish","type":"product","link":"https:\/\/creagio.shop\/tr\/urun\/fluttering-hearts\/","title":{"rendered":"Fluttering Hearts"},"content":{"rendered":"","protected":false},"excerpt":{"rendered":"<p>&#8220;Fluttering Hearts&#8221;, kelebek kanatlar\u0131n\u0131 and\u0131ran i\u00e7 i\u00e7e ge\u00e7mi\u015f iki kalbiyle sevgi ve \u00f6zg\u00fcrl\u00fc\u011f\u00fcn zarif bir simgesidir. 3 boyutlu g\u00f6r\u00fcn\u00fcm\u00fcyle ya\u015fam alanlar\u0131na modern bir dokunu\u015f katar. Tasar\u0131m, k\u0131rm\u0131z\u0131, ye\u015fil ve mor olmak \u00fczere \u00fc\u00e7 farkl\u0131 renk alternatifi sunar. Her renk, bulundu\u011fu ortamda farkl\u0131 bir etki yaratarak ki\u015fisel zevklerinize hitap eder. Zarafet ve anlam dolu bu par\u00e7a, hem kendiniz hem de sevdikleriniz i\u00e7in \u00f6zel bir dekoratif \u00fcr\u00fcn olarak \u00f6ne \u00e7\u0131kar.<\/p>\n","protected":false},"featured_media":17582,"comment_status":"open","ping_status":"closed","template":"","meta":[],"product_brand":[],"product_cat":[92],"product_tag":[],"class_list":{"0":"post-16882","1":"product","2":"type-product","3":"status-publish","4":"has-post-thumbnail","6":"product_cat-love-day-koleksiyonu","8":"first","9":"instock","10":"sale","11":"shipping-taxable","12":"purchasable","13":"product-type-variable","14":"has-default-attributes"},"_links":{"self":[{"href":"https:\/\/creagio.shop\/tr\/wp-json\/wp\/v2\/product\/16882","targetHints":{"allow":["GET"]}}],"collection":[{"href":"https:\/\/creagio.shop\/tr\/wp-json\/wp\/v2\/product"}],"about":[{"href":"https:\/\/creagio.shop\/tr\/wp-json\/wp\/v2\/types\/product"}],"replies":[{"embeddable":true,"href":"https:\/\/creagio.shop\/tr\/wp-json\/wp\/v2\/comments?post=16882"}],"version-history":[{"count":2,"href":"https:\/\/creagio.shop\/tr\/wp-json\/wp\/v2\/product\/16882\/revisions"}],"predecessor-version":[{"id":16891,"href":"https:\/\/creagio.shop\/tr\/wp-json\/wp\/v2\/product\/16882\/revisions\/16891"}],"wp:featuredmedia":[{"embeddable":true,"href":"https:\/\/creagio.shop\/tr\/wp-json\/wp\/v2\/media\/17582"}],"wp:attachment":[{"href":"https:\/\/creagio.shop\/tr\/wp-json\/wp\/v2\/media?parent=16882"}],"wp:term":[{"taxonomy":"product_brand","embeddable":true,"href":"https:\/\/creagio.shop\/tr\/wp-json\/wp\/v2\/product_brand?post=16882"},{"taxonomy":"product_cat","embeddable":true,"href":"https:\/\/creagio.shop\/tr\/wp-json\/wp\/v2\/product_cat?post=16882"},{"taxonomy":"product_tag","embeddable":true,"href":"https:\/\/creagio.shop\/tr\/wp-json\/wp\/v2\/product_tag?post=16882"}],"curies":[{"name":"wp","href":"https:\/\/api.w.org\/{rel}","templated":true}]}}