{"id":16506,"date":"2024-12-14T12:16:37","date_gmt":"2024-12-14T12:16:37","guid":{"rendered":"https:\/\/creagio.shop\/?post_type=product&#038;p=16506"},"modified":"2024-12-14T13:41:12","modified_gmt":"2024-12-14T13:41:12","slug":"tile-2","status":"publish","type":"product","link":"https:\/\/creagio.shop\/tr\/urun\/tile-2\/","title":{"rendered":"Tile\/2"},"content":{"rendered":"","protected":false},"excerpt":{"rendered":"<p><strong>Tile\/2<\/strong>, ye\u015fil, gri ve mor camlar\u0131n uyumlu bir birlikteli\u011fiyle tasarland\u0131. Karo formunda modern bir tasar\u0131ma sahip olan bu bardak altl\u0131\u011f\u0131, hem dekoratif hem de \u00e7evreye duyarl\u0131 bir se\u00e7im. Geri d\u00f6n\u00fc\u015ft\u00fcr\u00fclm\u00fc\u015f camlardan el i\u015f\u00e7ili\u011fiyle \u00fcretilen bu par\u00e7a, masalar\u0131n\u0131za sanatsal bir dokunu\u015f katmak i\u00e7in m\u00fckemmel!<\/p>\n","protected":false},"featured_media":16514,"comment_status":"open","ping_status":"closed","template":"","meta":[],"product_brand":[],"product_cat":[88],"product_tag":[],"class_list":{"0":"post-16506","1":"product","2":"type-product","3":"status-publish","4":"has-post-thumbnail","6":"product_cat-geri-donusum-koleksiyonu","8":"first","9":"outofstock","10":"sale","11":"shipping-taxable","12":"purchasable","13":"product-type-simple"},"_links":{"self":[{"href":"https:\/\/creagio.shop\/tr\/wp-json\/wp\/v2\/product\/16506","targetHints":{"allow":["GET"]}}],"collection":[{"href":"https:\/\/creagio.shop\/tr\/wp-json\/wp\/v2\/product"}],"about":[{"href":"https:\/\/creagio.shop\/tr\/wp-json\/wp\/v2\/types\/product"}],"replies":[{"embeddable":true,"href":"https:\/\/creagio.shop\/tr\/wp-json\/wp\/v2\/comments?post=16506"}],"version-history":[{"count":4,"href":"https:\/\/creagio.shop\/tr\/wp-json\/wp\/v2\/product\/16506\/revisions"}],"predecessor-version":[{"id":16546,"href":"https:\/\/creagio.shop\/tr\/wp-json\/wp\/v2\/product\/16506\/revisions\/16546"}],"wp:featuredmedia":[{"embeddable":true,"href":"https:\/\/creagio.shop\/tr\/wp-json\/wp\/v2\/media\/16514"}],"wp:attachment":[{"href":"https:\/\/creagio.shop\/tr\/wp-json\/wp\/v2\/media?parent=16506"}],"wp:term":[{"taxonomy":"product_brand","embeddable":true,"href":"https:\/\/creagio.shop\/tr\/wp-json\/wp\/v2\/product_brand?post=16506"},{"taxonomy":"product_cat","embeddable":true,"href":"https:\/\/creagio.shop\/tr\/wp-json\/wp\/v2\/product_cat?post=16506"},{"taxonomy":"product_tag","embeddable":true,"href":"https:\/\/creagio.shop\/tr\/wp-json\/wp\/v2\/product_tag?post=16506"}],"curies":[{"name":"wp","href":"https:\/\/api.w.org\/{rel}","templated":true}]}}