{"id":16494,"date":"2024-12-14T12:13:57","date_gmt":"2024-12-14T12:13:57","guid":{"rendered":"https:\/\/creagio.shop\/?post_type=product&#038;p=16494"},"modified":"2024-12-14T13:40:43","modified_gmt":"2024-12-14T13:40:43","slug":"tile-1","status":"publish","type":"product","link":"https:\/\/creagio.shop\/tr\/urun\/tile-1\/","title":{"rendered":"Tile\/1"},"content":{"rendered":"","protected":false},"excerpt":{"rendered":"<p>Do\u011fan\u0131n tonlar\u0131ndan ilham alan <strong>Tile\/1<\/strong>, mavi, ye\u015fil ve gri camlar\u0131n zarif birle\u015fiminden olu\u015fuyor. Karo \u015feklindeki tasar\u0131m\u0131yla hem i\u015flevsel hem de estetik bir kullan\u0131m sunuyor. El yap\u0131m\u0131 olan bu bardak altl\u0131\u011f\u0131, geri d\u00f6n\u00fc\u015ft\u00fcr\u00fclen camlarla \u00fcretildi\u011fi i\u00e7in tamamen e\u015fsiz ve \u00e7evre dostu. Masalar\u0131n\u0131za \u015f\u0131kl\u0131k katarken s\u00fcrd\u00fcr\u00fclebilir bir ya\u015fam tarz\u0131n\u0131 destekleyin!<\/p>\n","protected":false},"featured_media":16502,"comment_status":"open","ping_status":"closed","template":"","meta":[],"product_brand":[],"product_cat":[88],"product_tag":[],"class_list":{"0":"post-16494","1":"product","2":"type-product","3":"status-publish","4":"has-post-thumbnail","6":"product_cat-geri-donusum-koleksiyonu","8":"first","9":"outofstock","10":"sale","11":"shipping-taxable","12":"purchasable","13":"product-type-simple"},"_links":{"self":[{"href":"https:\/\/creagio.shop\/tr\/wp-json\/wp\/v2\/product\/16494","targetHints":{"allow":["GET"]}}],"collection":[{"href":"https:\/\/creagio.shop\/tr\/wp-json\/wp\/v2\/product"}],"about":[{"href":"https:\/\/creagio.shop\/tr\/wp-json\/wp\/v2\/types\/product"}],"replies":[{"embeddable":true,"href":"https:\/\/creagio.shop\/tr\/wp-json\/wp\/v2\/comments?post=16494"}],"version-history":[{"count":3,"href":"https:\/\/creagio.shop\/tr\/wp-json\/wp\/v2\/product\/16494\/revisions"}],"predecessor-version":[{"id":16545,"href":"https:\/\/creagio.shop\/tr\/wp-json\/wp\/v2\/product\/16494\/revisions\/16545"}],"wp:featuredmedia":[{"embeddable":true,"href":"https:\/\/creagio.shop\/tr\/wp-json\/wp\/v2\/media\/16502"}],"wp:attachment":[{"href":"https:\/\/creagio.shop\/tr\/wp-json\/wp\/v2\/media?parent=16494"}],"wp:term":[{"taxonomy":"product_brand","embeddable":true,"href":"https:\/\/creagio.shop\/tr\/wp-json\/wp\/v2\/product_brand?post=16494"},{"taxonomy":"product_cat","embeddable":true,"href":"https:\/\/creagio.shop\/tr\/wp-json\/wp\/v2\/product_cat?post=16494"},{"taxonomy":"product_tag","embeddable":true,"href":"https:\/\/creagio.shop\/tr\/wp-json\/wp\/v2\/product_tag?post=16494"}],"curies":[{"name":"wp","href":"https:\/\/api.w.org\/{rel}","templated":true}]}}