{"id":16371,"date":"2024-12-13T12:49:45","date_gmt":"2024-12-13T12:49:45","guid":{"rendered":"https:\/\/creagio.shop\/?post_type=product&#038;p=16371"},"modified":"2024-12-14T11:40:57","modified_gmt":"2024-12-14T11:40:57","slug":"abstract-3","status":"publish","type":"product","link":"https:\/\/creagio.shop\/tr\/urun\/abstract-3\/","title":{"rendered":"Abstract\/3"},"content":{"rendered":"","protected":false},"excerpt":{"rendered":"<p>Abstract\/3, mavi, ye\u015fil ve sar\u0131n\u0131n canl\u0131 tonlar\u0131n\u0131 bir araya getiren dinamik bir tasar\u0131m sunuyor. Bu el yap\u0131m\u0131 vitray par\u00e7a, soyut formuyla do\u011fan\u0131n enerjisini ve canl\u0131l\u0131\u011f\u0131n\u0131 yans\u0131tarak evinize huzurlu bir atmosfer kat\u0131yor. G\u00fcne\u015f \u0131\u015f\u0131\u011f\u0131yla hayat bulan bu eser, sade ama \u00e7arp\u0131c\u0131 bir estetik arayanlar i\u00e7in tasarland\u0131.<\/p>\n","protected":false},"featured_media":16376,"comment_status":"open","ping_status":"closed","template":"","meta":[],"product_brand":[],"product_cat":[86],"product_tag":[],"class_list":{"0":"post-16371","1":"product","2":"type-product","3":"status-publish","4":"has-post-thumbnail","6":"product_cat-suncatchers-2","8":"first","9":"instock","10":"sale","11":"shipping-taxable","12":"purchasable","13":"product-type-simple"},"_links":{"self":[{"href":"https:\/\/creagio.shop\/tr\/wp-json\/wp\/v2\/product\/16371","targetHints":{"allow":["GET"]}}],"collection":[{"href":"https:\/\/creagio.shop\/tr\/wp-json\/wp\/v2\/product"}],"about":[{"href":"https:\/\/creagio.shop\/tr\/wp-json\/wp\/v2\/types\/product"}],"replies":[{"embeddable":true,"href":"https:\/\/creagio.shop\/tr\/wp-json\/wp\/v2\/comments?post=16371"}],"version-history":[{"count":3,"href":"https:\/\/creagio.shop\/tr\/wp-json\/wp\/v2\/product\/16371\/revisions"}],"predecessor-version":[{"id":16461,"href":"https:\/\/creagio.shop\/tr\/wp-json\/wp\/v2\/product\/16371\/revisions\/16461"}],"wp:featuredmedia":[{"embeddable":true,"href":"https:\/\/creagio.shop\/tr\/wp-json\/wp\/v2\/media\/16376"}],"wp:attachment":[{"href":"https:\/\/creagio.shop\/tr\/wp-json\/wp\/v2\/media?parent=16371"}],"wp:term":[{"taxonomy":"product_brand","embeddable":true,"href":"https:\/\/creagio.shop\/tr\/wp-json\/wp\/v2\/product_brand?post=16371"},{"taxonomy":"product_cat","embeddable":true,"href":"https:\/\/creagio.shop\/tr\/wp-json\/wp\/v2\/product_cat?post=16371"},{"taxonomy":"product_tag","embeddable":true,"href":"https:\/\/creagio.shop\/tr\/wp-json\/wp\/v2\/product_tag?post=16371"}],"curies":[{"name":"wp","href":"https:\/\/api.w.org\/{rel}","templated":true}]}}