{"id":16361,"date":"2024-12-13T12:40:49","date_gmt":"2024-12-13T12:40:49","guid":{"rendered":"https:\/\/creagio.shop\/?post_type=product&#038;p=16361"},"modified":"2025-02-12T17:16:15","modified_gmt":"2025-02-12T17:16:15","slug":"abstract-2","status":"publish","type":"product","link":"https:\/\/creagio.shop\/tr\/urun\/abstract-2\/","title":{"rendered":"Abstract\/2"},"content":{"rendered":"","protected":false},"excerpt":{"rendered":"<p>Abstract\/2 tasar\u0131m\u0131, ye\u015fil ve sar\u0131 tonlar\u0131n nazik bir uyumuyla g\u00f6z al\u0131c\u0131 bir harmoni yarat\u0131yor. Asimetrik par\u00e7alar\u0131n bir araya gelerek olu\u015fturdu\u011fu bu tasar\u0131m, g\u00fcne\u015f \u0131\u015f\u0131\u011f\u0131n\u0131 sihirli bir \u015fekilde yans\u0131t\u0131r ve ya\u015fam alanlar\u0131n\u0131z\u0131 sanatsal bir havayla doldurur. Hem estetik hem de \u00f6zg\u00fcnl\u00fc\u011f\u00fc sevenler i\u00e7in ideal bir se\u00e7im!<\/p>\n","protected":false},"featured_media":16365,"comment_status":"open","ping_status":"closed","template":"","meta":[],"product_brand":[],"product_cat":[86],"product_tag":[],"class_list":{"0":"post-16361","1":"product","2":"type-product","3":"status-publish","4":"has-post-thumbnail","6":"product_cat-suncatchers-2","8":"first","9":"outofstock","10":"sale","11":"shipping-taxable","12":"purchasable","13":"product-type-simple"},"_links":{"self":[{"href":"https:\/\/creagio.shop\/tr\/wp-json\/wp\/v2\/product\/16361","targetHints":{"allow":["GET"]}}],"collection":[{"href":"https:\/\/creagio.shop\/tr\/wp-json\/wp\/v2\/product"}],"about":[{"href":"https:\/\/creagio.shop\/tr\/wp-json\/wp\/v2\/types\/product"}],"replies":[{"embeddable":true,"href":"https:\/\/creagio.shop\/tr\/wp-json\/wp\/v2\/comments?post=16361"}],"version-history":[{"count":4,"href":"https:\/\/creagio.shop\/tr\/wp-json\/wp\/v2\/product\/16361\/revisions"}],"predecessor-version":[{"id":16486,"href":"https:\/\/creagio.shop\/tr\/wp-json\/wp\/v2\/product\/16361\/revisions\/16486"}],"wp:featuredmedia":[{"embeddable":true,"href":"https:\/\/creagio.shop\/tr\/wp-json\/wp\/v2\/media\/16365"}],"wp:attachment":[{"href":"https:\/\/creagio.shop\/tr\/wp-json\/wp\/v2\/media?parent=16361"}],"wp:term":[{"taxonomy":"product_brand","embeddable":true,"href":"https:\/\/creagio.shop\/tr\/wp-json\/wp\/v2\/product_brand?post=16361"},{"taxonomy":"product_cat","embeddable":true,"href":"https:\/\/creagio.shop\/tr\/wp-json\/wp\/v2\/product_cat?post=16361"},{"taxonomy":"product_tag","embeddable":true,"href":"https:\/\/creagio.shop\/tr\/wp-json\/wp\/v2\/product_tag?post=16361"}],"curies":[{"name":"wp","href":"https:\/\/api.w.org\/{rel}","templated":true}]}}