{"id":16351,"date":"2024-12-13T12:23:20","date_gmt":"2024-12-13T12:23:20","guid":{"rendered":"https:\/\/creagio.shop\/?post_type=product&#038;p=16351"},"modified":"2025-01-24T19:44:16","modified_gmt":"2025-01-24T19:44:16","slug":"abstract-1","status":"publish","type":"product","link":"https:\/\/creagio.shop\/tr\/urun\/abstract-1\/","title":{"rendered":"Abstract\/1"},"content":{"rendered":"","protected":false},"excerpt":{"rendered":"<p>Bu e\u015fsiz el yap\u0131m\u0131 vitray tasar\u0131m, ye\u015fil, mor ve alt\u0131n tonlar\u0131n\u0131n uyumlu bir dans\u0131n\u0131 sunuyor. Minimalist \u00e7izgiler ve asimetrik formlar, soyut sanat\u0131n b\u00fcy\u00fcs\u00fcn\u00fc ya\u015fam alanlar\u0131n\u0131za ta\u015f\u0131yor. Zarif bir \u0131\u015f\u0131k oyunuyla g\u00fcn \u0131\u015f\u0131\u011f\u0131n\u0131 s\u00fczerek bulundu\u011fu mekana s\u0131cakl\u0131k ve derinlik kat\u0131yor. Modern bir dokunu\u015f arayanlar i\u00e7in m\u00fckemmel bir tercih!<\/p>\n","protected":false},"featured_media":16355,"comment_status":"open","ping_status":"closed","template":"","meta":[],"product_brand":[],"product_cat":[86],"product_tag":[],"class_list":{"0":"post-16351","1":"product","2":"type-product","3":"status-publish","4":"has-post-thumbnail","6":"product_cat-suncatchers-2","8":"first","9":"outofstock","10":"sale","11":"shipping-taxable","12":"purchasable","13":"product-type-simple"},"_links":{"self":[{"href":"https:\/\/creagio.shop\/tr\/wp-json\/wp\/v2\/product\/16351","targetHints":{"allow":["GET"]}}],"collection":[{"href":"https:\/\/creagio.shop\/tr\/wp-json\/wp\/v2\/product"}],"about":[{"href":"https:\/\/creagio.shop\/tr\/wp-json\/wp\/v2\/types\/product"}],"replies":[{"embeddable":true,"href":"https:\/\/creagio.shop\/tr\/wp-json\/wp\/v2\/comments?post=16351"}],"version-history":[{"count":3,"href":"https:\/\/creagio.shop\/tr\/wp-json\/wp\/v2\/product\/16351\/revisions"}],"predecessor-version":[{"id":16459,"href":"https:\/\/creagio.shop\/tr\/wp-json\/wp\/v2\/product\/16351\/revisions\/16459"}],"wp:featuredmedia":[{"embeddable":true,"href":"https:\/\/creagio.shop\/tr\/wp-json\/wp\/v2\/media\/16355"}],"wp:attachment":[{"href":"https:\/\/creagio.shop\/tr\/wp-json\/wp\/v2\/media?parent=16351"}],"wp:term":[{"taxonomy":"product_brand","embeddable":true,"href":"https:\/\/creagio.shop\/tr\/wp-json\/wp\/v2\/product_brand?post=16351"},{"taxonomy":"product_cat","embeddable":true,"href":"https:\/\/creagio.shop\/tr\/wp-json\/wp\/v2\/product_cat?post=16351"},{"taxonomy":"product_tag","embeddable":true,"href":"https:\/\/creagio.shop\/tr\/wp-json\/wp\/v2\/product_tag?post=16351"}],"curies":[{"name":"wp","href":"https:\/\/api.w.org\/{rel}","templated":true}]}}