{"id":16265,"date":"2021-08-27T12:19:36","date_gmt":"2021-08-27T12:19:36","guid":{"rendered":"https:\/\/creagio.shop\/urun\/monstera-1\/"},"modified":"2025-05-10T12:24:58","modified_gmt":"2025-05-10T12:24:58","slug":"monstera-1","status":"publish","type":"product","link":"https:\/\/creagio.shop\/tr\/urun\/monstera-1\/","title":{"rendered":"Monstera\/1"},"content":{"rendered":"","protected":false},"excerpt":{"rendered":"<p><strong>Monstera Vibes<\/strong><br \/>\nDo\u011fan\u0131n en ikonik bitkilerinden birinden esinlenerek tasarlanan bu el yap\u0131m\u0131 vitray par\u00e7a, ya\u015fam alanlar\u0131n\u0131za do\u011fal bir zarafet dokunu\u015fu getiriyor. B\u00fcy\u00fcleyici ye\u015fil tonlar\u0131 ve karma\u015f\u0131k yaprak detaylar\u0131yla, \u0131\u015f\u0131kla dans ederken b\u00fcy\u00fcleyici bir g\u00f6rsel etki yarat\u0131r ve her odaya dingin bir ambiyans katar. Do\u011fan\u0131n \u00f6z\u00fcn\u00fc evinize ta\u015f\u0131mak i\u00e7in m\u00fckemmel bir se\u00e7im!<\/p>\n","protected":false},"featured_media":17650,"comment_status":"open","ping_status":"closed","template":"","meta":[],"product_brand":[],"product_cat":[81],"product_tag":[],"class_list":{"0":"post-16265","1":"product","2":"type-product","3":"status-publish","4":"has-post-thumbnail","6":"product_cat-nature-collection-tr","8":"first","9":"outofstock","10":"sale","11":"shipping-taxable","12":"purchasable","13":"product-type-simple"},"_links":{"self":[{"href":"https:\/\/creagio.shop\/tr\/wp-json\/wp\/v2\/product\/16265","targetHints":{"allow":["GET"]}}],"collection":[{"href":"https:\/\/creagio.shop\/tr\/wp-json\/wp\/v2\/product"}],"about":[{"href":"https:\/\/creagio.shop\/tr\/wp-json\/wp\/v2\/types\/product"}],"replies":[{"embeddable":true,"href":"https:\/\/creagio.shop\/tr\/wp-json\/wp\/v2\/comments?post=16265"}],"version-history":[{"count":1,"href":"https:\/\/creagio.shop\/tr\/wp-json\/wp\/v2\/product\/16265\/revisions"}],"predecessor-version":[{"id":16271,"href":"https:\/\/creagio.shop\/tr\/wp-json\/wp\/v2\/product\/16265\/revisions\/16271"}],"wp:featuredmedia":[{"embeddable":true,"href":"https:\/\/creagio.shop\/tr\/wp-json\/wp\/v2\/media\/17650"}],"wp:attachment":[{"href":"https:\/\/creagio.shop\/tr\/wp-json\/wp\/v2\/media?parent=16265"}],"wp:term":[{"taxonomy":"product_brand","embeddable":true,"href":"https:\/\/creagio.shop\/tr\/wp-json\/wp\/v2\/product_brand?post=16265"},{"taxonomy":"product_cat","embeddable":true,"href":"https:\/\/creagio.shop\/tr\/wp-json\/wp\/v2\/product_cat?post=16265"},{"taxonomy":"product_tag","embeddable":true,"href":"https:\/\/creagio.shop\/tr\/wp-json\/wp\/v2\/product_tag?post=16265"}],"curies":[{"name":"wp","href":"https:\/\/api.w.org\/{rel}","templated":true}]}}