{"id":16264,"date":"2024-12-07T14:44:59","date_gmt":"2024-12-07T14:44:59","guid":{"rendered":"https:\/\/creagio.shop\/urun\/monstera-2\/"},"modified":"2025-03-14T15:41:17","modified_gmt":"2025-03-14T15:41:17","slug":"monstera-2","status":"publish","type":"product","link":"https:\/\/creagio.shop\/tr\/urun\/monstera-2\/","title":{"rendered":"Monstera\/2"},"content":{"rendered":"","protected":false},"excerpt":{"rendered":"<p><strong>Monstera<\/strong><br \/>\nBu el yap\u0131m\u0131 vitray Monstera tasar\u0131m\u0131, do\u011fan\u0131n b\u00fcy\u00fcleyici detaylar\u0131na \u0131\u015f\u0131kla hayat veren zarif bir sanat eseridir. Zincir \u00f6zelli\u011fi her alanda kolayca sergilenmesine olanak sa\u011flarken, g\u00fcne\u015f \u0131\u015f\u0131\u011f\u0131yla ayd\u0131nlanan canl\u0131 ye\u015fil tonlar\u0131 \u00e7evrenize do\u011fal enerji ve canl\u0131l\u0131k katar. Minimalist ama \u015f\u0131k bir dokunu\u015f arayanlar i\u00e7in m\u00fckemmel bir se\u00e7im!<\/p>\n","protected":false},"featured_media":17642,"comment_status":"open","ping_status":"closed","template":"","meta":[],"product_brand":[],"product_cat":[81],"product_tag":[],"class_list":{"0":"post-16264","1":"product","2":"type-product","3":"status-publish","4":"has-post-thumbnail","6":"product_cat-nature-collection-tr","8":"first","9":"instock","10":"sale","11":"shipping-taxable","12":"purchasable","13":"product-type-simple"},"_links":{"self":[{"href":"https:\/\/creagio.shop\/tr\/wp-json\/wp\/v2\/product\/16264","targetHints":{"allow":["GET"]}}],"collection":[{"href":"https:\/\/creagio.shop\/tr\/wp-json\/wp\/v2\/product"}],"about":[{"href":"https:\/\/creagio.shop\/tr\/wp-json\/wp\/v2\/types\/product"}],"replies":[{"embeddable":true,"href":"https:\/\/creagio.shop\/tr\/wp-json\/wp\/v2\/comments?post=16264"}],"version-history":[{"count":1,"href":"https:\/\/creagio.shop\/tr\/wp-json\/wp\/v2\/product\/16264\/revisions"}],"predecessor-version":[{"id":16270,"href":"https:\/\/creagio.shop\/tr\/wp-json\/wp\/v2\/product\/16264\/revisions\/16270"}],"wp:featuredmedia":[{"embeddable":true,"href":"https:\/\/creagio.shop\/tr\/wp-json\/wp\/v2\/media\/17642"}],"wp:attachment":[{"href":"https:\/\/creagio.shop\/tr\/wp-json\/wp\/v2\/media?parent=16264"}],"wp:term":[{"taxonomy":"product_brand","embeddable":true,"href":"https:\/\/creagio.shop\/tr\/wp-json\/wp\/v2\/product_brand?post=16264"},{"taxonomy":"product_cat","embeddable":true,"href":"https:\/\/creagio.shop\/tr\/wp-json\/wp\/v2\/product_cat?post=16264"},{"taxonomy":"product_tag","embeddable":true,"href":"https:\/\/creagio.shop\/tr\/wp-json\/wp\/v2\/product_tag?post=16264"}],"curies":[{"name":"wp","href":"https:\/\/api.w.org\/{rel}","templated":true}]}}