{"id":16263,"date":"2024-12-07T14:48:16","date_gmt":"2024-12-07T14:48:16","guid":{"rendered":"https:\/\/creagio.shop\/urun\/growing\/"},"modified":"2025-03-14T15:36:19","modified_gmt":"2025-03-14T15:36:19","slug":"growing","status":"publish","type":"product","link":"https:\/\/creagio.shop\/tr\/urun\/growing\/","title":{"rendered":"Growing"},"content":{"rendered":"","protected":false},"excerpt":{"rendered":"<p>Do\u011fadaki b\u00fcy\u00fcme ve yenilenme d\u00f6ng\u00fcs\u00fcnden esinlenen bu el yap\u0131m\u0131 vitray tasar\u0131m\u0131nda narin ye\u015fil yapraklar ve g\u00fcne\u015fin \u00f6z\u00fcn\u00fc yans\u0131tan s\u0131cak tonlar yer almaktad\u0131r. Mor ve sar\u0131n\u0131n e\u015fsiz uyumu, par\u00e7aya sanatsal bir derinlik katarak \u0131\u015f\u0131kla temas etti\u011finde \u00e7arp\u0131c\u0131 bir g\u00f6rsel ekran yarat\u0131r. Do\u011fan\u0131n enerjisini ve dinginli\u011fini ya\u015fam alanlar\u0131n\u0131za ta\u015f\u0131mak i\u00e7in ideal bir se\u00e7im!<\/p>\n","protected":false},"featured_media":17636,"comment_status":"open","ping_status":"closed","template":"","meta":[],"product_brand":[],"product_cat":[81],"product_tag":[],"class_list":{"0":"post-16263","1":"product","2":"type-product","3":"status-publish","4":"has-post-thumbnail","6":"product_cat-nature-collection-tr","8":"first","9":"instock","10":"sale","11":"shipping-taxable","12":"purchasable","13":"product-type-simple"},"_links":{"self":[{"href":"https:\/\/creagio.shop\/tr\/wp-json\/wp\/v2\/product\/16263","targetHints":{"allow":["GET"]}}],"collection":[{"href":"https:\/\/creagio.shop\/tr\/wp-json\/wp\/v2\/product"}],"about":[{"href":"https:\/\/creagio.shop\/tr\/wp-json\/wp\/v2\/types\/product"}],"replies":[{"embeddable":true,"href":"https:\/\/creagio.shop\/tr\/wp-json\/wp\/v2\/comments?post=16263"}],"version-history":[{"count":1,"href":"https:\/\/creagio.shop\/tr\/wp-json\/wp\/v2\/product\/16263\/revisions"}],"predecessor-version":[{"id":16269,"href":"https:\/\/creagio.shop\/tr\/wp-json\/wp\/v2\/product\/16263\/revisions\/16269"}],"wp:featuredmedia":[{"embeddable":true,"href":"https:\/\/creagio.shop\/tr\/wp-json\/wp\/v2\/media\/17636"}],"wp:attachment":[{"href":"https:\/\/creagio.shop\/tr\/wp-json\/wp\/v2\/media?parent=16263"}],"wp:term":[{"taxonomy":"product_brand","embeddable":true,"href":"https:\/\/creagio.shop\/tr\/wp-json\/wp\/v2\/product_brand?post=16263"},{"taxonomy":"product_cat","embeddable":true,"href":"https:\/\/creagio.shop\/tr\/wp-json\/wp\/v2\/product_cat?post=16263"},{"taxonomy":"product_tag","embeddable":true,"href":"https:\/\/creagio.shop\/tr\/wp-json\/wp\/v2\/product_tag?post=16263"}],"curies":[{"name":"wp","href":"https:\/\/api.w.org\/{rel}","templated":true}]}}