{"id":16262,"date":"2024-12-07T14:58:51","date_gmt":"2024-12-07T14:58:51","guid":{"rendered":"https:\/\/creagio.shop\/urun\/ocean\/"},"modified":"2025-03-14T15:27:58","modified_gmt":"2025-03-14T15:27:58","slug":"ocean","status":"publish","type":"product","link":"https:\/\/creagio.shop\/tr\/urun\/ocean\/","title":{"rendered":"Ocean"},"content":{"rendered":"","protected":false},"excerpt":{"rendered":"<p>Denizin sakinle\u015ftirici g\u00fczelli\u011finden ilham alan bu el yap\u0131m\u0131 vitray par\u00e7a, \u00e7arp\u0131c\u0131 mavi tonlara ve su damlas\u0131 efektli cam detaylara sahiptir. Duvara monte edilebilen tasar\u0131m\u0131, her alanda kolayca sergilenmesine olanak tan\u0131r ve \u0131\u015f\u0131kla dokunuldu\u011funda suyun yat\u0131\u015ft\u0131r\u0131c\u0131 enerjisini ya\u015fam alanlar\u0131n\u0131za getirir. Estetik ve anlaml\u0131, deniz severler i\u00e7in m\u00fckemmel bir se\u00e7im!<\/p>\n","protected":false},"featured_media":17626,"comment_status":"open","ping_status":"closed","template":"","meta":[],"product_brand":[],"product_cat":[80],"product_tag":[],"class_list":{"0":"post-16262","1":"product","2":"type-product","3":"status-publish","4":"has-post-thumbnail","6":"product_cat-ocean-collection-tr","8":"first","9":"instock","10":"sale","11":"shipping-taxable","12":"purchasable","13":"product-type-simple"},"_links":{"self":[{"href":"https:\/\/creagio.shop\/tr\/wp-json\/wp\/v2\/product\/16262","targetHints":{"allow":["GET"]}}],"collection":[{"href":"https:\/\/creagio.shop\/tr\/wp-json\/wp\/v2\/product"}],"about":[{"href":"https:\/\/creagio.shop\/tr\/wp-json\/wp\/v2\/types\/product"}],"replies":[{"embeddable":true,"href":"https:\/\/creagio.shop\/tr\/wp-json\/wp\/v2\/comments?post=16262"}],"version-history":[{"count":1,"href":"https:\/\/creagio.shop\/tr\/wp-json\/wp\/v2\/product\/16262\/revisions"}],"predecessor-version":[{"id":16268,"href":"https:\/\/creagio.shop\/tr\/wp-json\/wp\/v2\/product\/16262\/revisions\/16268"}],"wp:featuredmedia":[{"embeddable":true,"href":"https:\/\/creagio.shop\/tr\/wp-json\/wp\/v2\/media\/17626"}],"wp:attachment":[{"href":"https:\/\/creagio.shop\/tr\/wp-json\/wp\/v2\/media?parent=16262"}],"wp:term":[{"taxonomy":"product_brand","embeddable":true,"href":"https:\/\/creagio.shop\/tr\/wp-json\/wp\/v2\/product_brand?post=16262"},{"taxonomy":"product_cat","embeddable":true,"href":"https:\/\/creagio.shop\/tr\/wp-json\/wp\/v2\/product_cat?post=16262"},{"taxonomy":"product_tag","embeddable":true,"href":"https:\/\/creagio.shop\/tr\/wp-json\/wp\/v2\/product_tag?post=16262"}],"curies":[{"name":"wp","href":"https:\/\/api.w.org\/{rel}","templated":true}]}}