{"id":16261,"date":"2024-12-07T15:09:24","date_gmt":"2024-12-07T15:09:24","guid":{"rendered":"https:\/\/creagio.shop\/urun\/sea-shell-1\/"},"modified":"2025-03-14T15:21:19","modified_gmt":"2025-03-14T15:21:19","slug":"sea-shell-1","status":"publish","type":"product","link":"https:\/\/creagio.shop\/tr\/urun\/sea-shell-1\/","title":{"rendered":"Deniz Kabu\u011fu\/1"},"content":{"rendered":"","protected":false},"excerpt":{"rendered":"<p><strong>Deniz Kabu\u011fu<\/strong><br \/>\nBir deniz kabu\u011funun do\u011fal g\u00fczelli\u011finden esinlenerek tasarlanan bu el yap\u0131m\u0131 vitray par\u00e7a, s\u0131cak, koyu saman rengindeki opak cam\u0131yla dikkat \u00e7ekiyor. Deniz kabu\u011fu deseni ve lehimle i\u015flenmi\u015f hassas detaylar tasar\u0131ma benzersiz bir karakter kat\u0131yor. Sade ama \u00e7arp\u0131c\u0131 bir tasar\u0131m arayanlar i\u00e7in m\u00fckemmel bir se\u00e7im!<\/p>\n","protected":false},"featured_media":17612,"comment_status":"open","ping_status":"closed","template":"","meta":[],"product_brand":[],"product_cat":[80],"product_tag":[],"class_list":{"0":"post-16261","1":"product","2":"type-product","3":"status-publish","4":"has-post-thumbnail","6":"product_cat-ocean-collection-tr","8":"first","9":"instock","10":"sale","11":"shipping-taxable","12":"purchasable","13":"product-type-simple"},"_links":{"self":[{"href":"https:\/\/creagio.shop\/tr\/wp-json\/wp\/v2\/product\/16261","targetHints":{"allow":["GET"]}}],"collection":[{"href":"https:\/\/creagio.shop\/tr\/wp-json\/wp\/v2\/product"}],"about":[{"href":"https:\/\/creagio.shop\/tr\/wp-json\/wp\/v2\/types\/product"}],"replies":[{"embeddable":true,"href":"https:\/\/creagio.shop\/tr\/wp-json\/wp\/v2\/comments?post=16261"}],"version-history":[{"count":2,"href":"https:\/\/creagio.shop\/tr\/wp-json\/wp\/v2\/product\/16261\/revisions"}],"predecessor-version":[{"id":16280,"href":"https:\/\/creagio.shop\/tr\/wp-json\/wp\/v2\/product\/16261\/revisions\/16280"}],"wp:featuredmedia":[{"embeddable":true,"href":"https:\/\/creagio.shop\/tr\/wp-json\/wp\/v2\/media\/17612"}],"wp:attachment":[{"href":"https:\/\/creagio.shop\/tr\/wp-json\/wp\/v2\/media?parent=16261"}],"wp:term":[{"taxonomy":"product_brand","embeddable":true,"href":"https:\/\/creagio.shop\/tr\/wp-json\/wp\/v2\/product_brand?post=16261"},{"taxonomy":"product_cat","embeddable":true,"href":"https:\/\/creagio.shop\/tr\/wp-json\/wp\/v2\/product_cat?post=16261"},{"taxonomy":"product_tag","embeddable":true,"href":"https:\/\/creagio.shop\/tr\/wp-json\/wp\/v2\/product_tag?post=16261"}],"curies":[{"name":"wp","href":"https:\/\/api.w.org\/{rel}","templated":true}]}}