{"id":16260,"date":"2024-12-07T15:16:21","date_gmt":"2024-12-07T15:16:21","guid":{"rendered":"https:\/\/creagio.shop\/urun\/sea-shell-2\/"},"modified":"2025-02-06T08:02:49","modified_gmt":"2025-02-06T08:02:49","slug":"sea-shell-2","status":"publish","type":"product","link":"https:\/\/creagio.shop\/tr\/urun\/sea-shell-2\/","title":{"rendered":"Deniz Kabu\u011fu\/2"},"content":{"rendered":"","protected":false},"excerpt":{"rendered":"<p>Bir deniz kabu\u011funun zarif \u015feklinden esinlenerek tasarlanan bu el yap\u0131m\u0131 vitray par\u00e7a, daha so\u011fuk saman tonlar\u0131nda opak cama sahiptir. Deniz kabu\u011fu deseni ve ince i\u015flenmi\u015f lehim detaylar\u0131 tasar\u0131ma zarif bir karakter katar. \u015e\u0131kl\u0131k ve sadeli\u011fin bir kar\u0131\u015f\u0131m\u0131n\u0131 arayanlar i\u00e7in m\u00fckemmel bir se\u00e7im!<\/p>\n","protected":false},"featured_media":17352,"comment_status":"open","ping_status":"closed","template":"","meta":[],"product_brand":[],"product_cat":[80],"product_tag":[],"class_list":{"0":"post-16260","1":"product","2":"type-product","3":"status-publish","4":"has-post-thumbnail","6":"product_cat-ocean-collection-tr","8":"first","9":"instock","10":"sale","11":"shipping-taxable","12":"purchasable","13":"product-type-simple"},"_links":{"self":[{"href":"https:\/\/creagio.shop\/tr\/wp-json\/wp\/v2\/product\/16260","targetHints":{"allow":["GET"]}}],"collection":[{"href":"https:\/\/creagio.shop\/tr\/wp-json\/wp\/v2\/product"}],"about":[{"href":"https:\/\/creagio.shop\/tr\/wp-json\/wp\/v2\/types\/product"}],"replies":[{"embeddable":true,"href":"https:\/\/creagio.shop\/tr\/wp-json\/wp\/v2\/comments?post=16260"}],"version-history":[{"count":2,"href":"https:\/\/creagio.shop\/tr\/wp-json\/wp\/v2\/product\/16260\/revisions"}],"predecessor-version":[{"id":16279,"href":"https:\/\/creagio.shop\/tr\/wp-json\/wp\/v2\/product\/16260\/revisions\/16279"}],"wp:featuredmedia":[{"embeddable":true,"href":"https:\/\/creagio.shop\/tr\/wp-json\/wp\/v2\/media\/17352"}],"wp:attachment":[{"href":"https:\/\/creagio.shop\/tr\/wp-json\/wp\/v2\/media?parent=16260"}],"wp:term":[{"taxonomy":"product_brand","embeddable":true,"href":"https:\/\/creagio.shop\/tr\/wp-json\/wp\/v2\/product_brand?post=16260"},{"taxonomy":"product_cat","embeddable":true,"href":"https:\/\/creagio.shop\/tr\/wp-json\/wp\/v2\/product_cat?post=16260"},{"taxonomy":"product_tag","embeddable":true,"href":"https:\/\/creagio.shop\/tr\/wp-json\/wp\/v2\/product_tag?post=16260"}],"curies":[{"name":"wp","href":"https:\/\/api.w.org\/{rel}","templated":true}]}}