{"id":16441,"date":"2024-12-13T15:09:53","date_gmt":"2024-12-13T15:09:53","guid":{"rendered":"https:\/\/creagio.shop\/sartlar-ve-kosullar\/"},"modified":"2024-12-14T10:55:55","modified_gmt":"2024-12-14T10:55:55","slug":"sartlar-ve-kosullar","status":"publish","type":"page","link":"https:\/\/creagio.shop\/tr\/sartlar-ve-kosullar\/","title":{"rendered":"\u015eartlar ve Ko\u015fullar"},"content":{"rendered":"\n<p><strong>Son G\u00fcncelleme 13.12.2024<\/strong><\/p>\n\n<p><strong>creagio.shop&#8217;<\/strong> a (&#8220;biz,&#8221; &#8220;bizim,&#8221; veya &#8220;bize&#8221;) ho\u015f geldiniz. Web sitemize<a href=\"https:\/\/www.creagio.shop\">(https:\/\/www.creagio.shop<\/a>) eri\u015ferek veya sitemizi kullanarak, bu H\u00fck\u00fcm ve Ko\u015fullara tabi olmay\u0131 kabul etmi\u015f olursunuz. L\u00fctfen devam etmeden \u00f6nce bunlar\u0131 dikkatlice okuyun.<\/p>\n\n<hr class=\"wp-block-separator has-alpha-channel-opacity\"\/>\n\n<h3 class=\"wp-block-heading\"><strong>1. Genel Bilgiler<\/strong><\/h3>\n\n<ul class=\"wp-block-list\">\n<li><strong>Web Sitesi Sahibi<\/strong>: creagio.shop<\/li>\n\n\n\n<li><strong>\u0130leti\u015fim E-posta<\/strong>: info@creagio.shop<\/li>\n\n\n\n<li><strong>Adres<\/strong>: 71-75 Shelton Street, Covent Garden, Londra, Birle\u015fik Krall\u0131k, WC2H 9JQ<\/li>\n<\/ul>\n\n<hr class=\"wp-block-separator has-alpha-channel-opacity\"\/>\n\n<h3 class=\"wp-block-heading\"><strong>2. Web Sitesi Kullan\u0131m\u0131<\/strong><\/h3>\n\n<ul class=\"wp-block-list\">\n<li>Web sitemizi kullanmak veya bir sat\u0131n alma i\u015flemi yapmak i\u00e7in en az 18 ya\u015f\u0131nda olman\u0131z gerekir.<\/li>\n\n\n\n<li>Web sitemizi herhangi bir yasa d\u0131\u015f\u0131 veya yasaklanm\u0131\u015f faaliyet i\u00e7in kullanmamay\u0131 kabul edersiniz.<\/li>\n\n\n\n<li>Kendi takdirimize ba\u011fl\u0131 olarak hizmeti reddetme veya sipari\u015fleri iptal etme hakk\u0131m\u0131z sakl\u0131d\u0131r.<\/li>\n<\/ul>\n\n<hr class=\"wp-block-separator has-alpha-channel-opacity\"\/>\n\n<h3 class=\"wp-block-heading\"><strong>3. \u00dcr\u00fcnler ve Hizmetler<\/strong><\/h3>\n\n<ul class=\"wp-block-list\">\n<li>T\u00fcm \u00fcr\u00fcnler stok durumuna ba\u011fl\u0131d\u0131r.<\/li>\n\n\n\n<li>\u00dcr\u00fcn a\u00e7\u0131klamalar\u0131n\u0131n ve fiyatlar\u0131n\u0131n do\u011fru olmas\u0131 i\u00e7in \u00e7aba g\u00f6steriyoruz, ancak hatalar meydana gelebilir. Bir hata tespit edersek, sizi bilgilendirece\u011fiz ve devam etme veya iptal etme se\u00e7enekleri sunaca\u011f\u0131z.<\/li>\n\n\n\n<li>Fiyatlar \u00f6nceden haber verilmeksizin de\u011fi\u015ftirilebilir.<\/li>\n<\/ul>\n\n<hr class=\"wp-block-separator has-alpha-channel-opacity\"\/>\n\n<h3 class=\"wp-block-heading\"><strong>4. Orders<\/strong><\/h3>\n\n<ul class=\"wp-block-list\">\n<li>Bir sipari\u015f vererek, verilen t\u00fcm bilgilerin do\u011fru oldu\u011funu onaylam\u0131\u015f olursunuz.<\/li>\n\n\n\n<li>Sipari\u015fleri i\u015fleme koymadan \u00f6nce \u00f6deme bilgilerinin do\u011frulanmas\u0131n\u0131 isteyebiliriz.<\/li>\n\n\n\n<li>Sipari\u015fler yaln\u0131zca bir onay e-postas\u0131 ald\u0131\u011f\u0131n\u0131zda onaylan\u0131r.<\/li>\n<\/ul>\n\n<hr class=\"wp-block-separator has-alpha-channel-opacity\"\/>\n\n<h3 class=\"wp-block-heading\"><strong>5. \u00d6demeler<\/strong><\/h3>\n\n<ul class=\"wp-block-list\">\n<li>T\u00fcm \u00f6demeler \u00fc\u00e7\u00fcnc\u00fc taraf sa\u011flay\u0131c\u0131lar kullan\u0131larak g\u00fcvenli bir \u015fekilde i\u015flenir.<\/li>\n\n\n\n<li>Stripe kabul ediyoruz.<\/li>\n<\/ul>\n\n<hr class=\"wp-block-separator has-alpha-channel-opacity\"\/>\n\n<h3 class=\"wp-block-heading\"><strong>6. Nakliye ve Teslimat<\/strong><\/h3>\n\n<ul class=\"wp-block-list\">\n<li>Nakliye s\u00fcreleri ve maliyetleri \u00f6deme s\u0131ras\u0131nda ayr\u0131nt\u0131l\u0131 olarak belirtilir.<\/li>\n\n\n\n<li>\u00dc\u00e7\u00fcnc\u00fc taraf kuryelerin neden oldu\u011fu gecikmelerden sorumlu de\u011filiz.<\/li>\n\n\n\n<li>Uluslararas\u0131 sipari\u015fler, al\u0131c\u0131n\u0131n sorumlulu\u011funda olan g\u00fcmr\u00fck \u00fccretlerine ve vergilerine tabi olabilir.<\/li>\n<\/ul>\n\n<hr class=\"wp-block-separator has-alpha-channel-opacity\"\/>\n\n<h3 class=\"wp-block-heading\"><strong>7. \u0130adeler ve Geri \u00d6demeler<\/strong><\/h3>\n\n<ul class=\"wp-block-list\">\n<li>\u0130ade ve para iadesi politikam\u0131z i\u00e7in l\u00fctfen <strong>\u0130ade &amp; Para \u0130adesi Politikas\u0131<\/strong> dok\u00fcman\u0131m\u0131za bak\u0131n\u0131z.<\/li>\n<\/ul>\n\n<hr class=\"wp-block-separator has-alpha-channel-opacity\"\/>\n\n<h3 class=\"wp-block-heading\"><strong>8. Fikri M\u00fclkiyet<\/strong><\/h3>\n\n<ul class=\"wp-block-list\">\n<li>Metin, resim, logo ve ticari markalar dahil olmak \u00fczere web sitemizdeki t\u00fcm i\u00e7erik bizim m\u00fclkiyetimizdedir veya bize lisansl\u0131d\u0131r.<\/li>\n\n\n\n<li>\u00d6nceden yaz\u0131l\u0131 izin almadan hi\u00e7bir i\u00e7eri\u011fi kullanamaz, \u00e7o\u011faltamaz veya da\u011f\u0131tamazs\u0131n\u0131z.<\/li>\n<\/ul>\n\n<hr class=\"wp-block-separator has-alpha-channel-opacity\"\/>\n\n<h3 class=\"wp-block-heading\"><strong>9. Sorumlulu\u011fun S\u0131n\u0131rland\u0131r\u0131lmas\u0131<\/strong><\/h3>\n\n<ul class=\"wp-block-list\">\n<li>Web sitemizin veya \u00fcr\u00fcnlerimizin kullan\u0131m\u0131ndan kaynaklanan herhangi bir dolayl\u0131, ar\u0131zi veya sonu\u00e7 olarak ortaya \u00e7\u0131kan zararlardan sorumlu de\u011filiz.<\/li>\n\n\n\n<li>Sorumlulu\u011fumuz \u00fcr\u00fcn\u00fcn sat\u0131n alma fiyat\u0131 ile s\u0131n\u0131rl\u0131d\u0131r.<\/li>\n<\/ul>\n\n<hr class=\"wp-block-separator has-alpha-channel-opacity\"\/>\n\n<h3 class=\"wp-block-heading\"><strong>10. Ge\u00e7erli Kanun<\/strong><\/h3>\n\n<ul class=\"wp-block-list\">\n<li>Bu H\u00fck\u00fcm ve Ko\u015fullar Birle\u015fik Krall\u0131k yasalar\u0131na tabidir.<\/li>\n\n\n\n<li>Her t\u00fcrl\u00fc anla\u015fmazl\u0131k yaln\u0131zca \u0130ngiltere ve Galler mahkemelerinde \u00e7\u00f6z\u00fclecektir.<\/li>\n<\/ul>\n\n<hr class=\"wp-block-separator has-alpha-channel-opacity\"\/>\n\n<h3 class=\"wp-block-heading\"><strong>11. H\u00fck\u00fcm ve Ko\u015fullarda De\u011fi\u015fiklikler<\/strong><\/h3>\n\n<ul class=\"wp-block-list\">\n<li>Bu H\u00fck\u00fcm ve Ko\u015fullar\u0131 diledi\u011fimiz zaman g\u00fcncelleme hakk\u0131m\u0131z sakl\u0131d\u0131r.<\/li>\n\n\n\n<li>De\u011fi\u015fiklikler &#8220;Son G\u00fcncelleme&#8221; tarihi ile birlikte bu sayfada yay\u0131nlanacakt\u0131r.<\/li>\n<\/ul>\n\n<hr class=\"wp-block-separator has-alpha-channel-opacity\"\/>\n\n<h3 class=\"wp-block-heading\"><strong>12. Bize Ula\u015f\u0131n<\/strong><\/h3>\n\n<p>Bu H\u00fck\u00fcm ve Ko\u015fullar hakk\u0131nda herhangi bir sorunuz varsa, l\u00fctfen bizimle \u015fu adresten ileti\u015fime ge\u00e7in:<\/p>\n\n<p><strong>E-posta<\/strong>: info@creagio.shop<br\/><strong>Adres<\/strong>: 71-75 Shelton Street, Covent Garden, Londra, Birle\u015fik Krall\u0131k, WC2H 9JQ<\/p>\n","protected":false},"excerpt":{"rendered":"<p>Son G\u00fcncelleme 13.12.2024 creagio.shop&#8217; a (&#8220;biz,&#8221; &#8220;bizim,&#8221; veya &#8220;bize&#8221;) ho\u015f geldiniz. Web sitemize(https:\/\/www.creagio.shop) eri\u015ferek veya sitemizi kullanarak, bu H\u00fck\u00fcm ve<\/p>\n","protected":false},"author":1,"featured_media":0,"parent":0,"menu_order":0,"comment_status":"closed","ping_status":"closed","template":"","meta":{"footnotes":""},"class_list":["post-16441","page","type-page","status-publish","hentry"],"_links":{"self":[{"href":"https:\/\/creagio.shop\/tr\/wp-json\/wp\/v2\/pages\/16441","targetHints":{"allow":["GET"]}}],"collection":[{"href":"https:\/\/creagio.shop\/tr\/wp-json\/wp\/v2\/pages"}],"about":[{"href":"https:\/\/creagio.shop\/tr\/wp-json\/wp\/v2\/types\/page"}],"author":[{"embeddable":true,"href":"https:\/\/creagio.shop\/tr\/wp-json\/wp\/v2\/users\/1"}],"replies":[{"embeddable":true,"href":"https:\/\/creagio.shop\/tr\/wp-json\/wp\/v2\/comments?post=16441"}],"version-history":[{"count":1,"href":"https:\/\/creagio.shop\/tr\/wp-json\/wp\/v2\/pages\/16441\/revisions"}],"predecessor-version":[{"id":16442,"href":"https:\/\/creagio.shop\/tr\/wp-json\/wp\/v2\/pages\/16441\/revisions\/16442"}],"wp:attachment":[{"href":"https:\/\/creagio.shop\/tr\/wp-json\/wp\/v2\/media?parent=16441"}],"curies":[{"name":"wp","href":"https:\/\/api.w.org\/{rel}","templated":true}]}}