{"id":16439,"date":"2024-12-13T15:12:24","date_gmt":"2024-12-13T15:12:24","guid":{"rendered":"https:\/\/creagio.shop\/iade-para-iadesi-politikasi\/"},"modified":"2024-12-20T07:41:44","modified_gmt":"2024-12-20T07:41:44","slug":"iade-para-iadesi-politikasi","status":"publish","type":"page","link":"https:\/\/creagio.shop\/tr\/iade-para-iadesi-politikasi\/","title":{"rendered":"\u0130ade &amp; Para \u0130adesi Politikas\u0131"},"content":{"rendered":"\n<p><strong>Son G\u00fcncelleme 13.12.2024<\/strong><\/p>\n\n<p><strong>creagio.shop&#8217;<\/strong> ta (&#8220;biz,&#8221; &#8220;bizim,&#8221; veya &#8220;bize&#8221;) m\u00fc\u015fteri memnuniyeti \u00f6nceli\u011fimizdir. Sat\u0131n alma i\u015fleminizden tam olarak memnun kalmazsan\u0131z, size yard\u0131mc\u0131 olmak i\u00e7in buraday\u0131z. Bu politika, web sitemizden<a href=\"https:\/\/www.creagio.shop\">(https:\/\/www.creagio.shop<\/a>) sat\u0131n al\u0131nan \u00fcr\u00fcnler i\u00e7in iade, geri \u00f6deme ve de\u011fi\u015fim ile ilgili haklar\u0131n\u0131z\u0131 a\u00e7\u0131klamaktad\u0131r.<\/p>\n\n<hr class=\"wp-block-separator has-alpha-channel-opacity\"\/>\n\n<h3 class=\"wp-block-heading\"><strong>1. \u0130adeler<\/strong><\/h3>\n\n<h4 class=\"wp-block-heading\"><strong>\u0130adeler i\u00e7in Uygunluk<\/strong><\/h4>\n\n<p>\u0130ade i\u00e7in uygun olmak:<\/p>\n\n<ul class=\"wp-block-list\">\n<li>\u00dcr\u00fcn kullan\u0131lmam\u0131\u015f, orijinal durumunda ve orijinal ambalaj\u0131nda olmal\u0131d\u0131r.<\/li>\n\n\n\n<li>\u0130ade talebi, \u00fcr\u00fcn\u00fc teslim ald\u0131ktan sonraki <strong>7 g\u00fcn<\/strong> i\u00e7inde ba\u015flat\u0131lmal\u0131d\u0131r.<\/li>\n<\/ul>\n\n<h4 class=\"wp-block-heading\"><strong>\u0130ade Edilemeyen \u00dcr\u00fcnler<\/strong><\/h4>\n\n<p>A\u015fa\u011f\u0131daki \u00fcr\u00fcnler iade i\u00e7in uygun de\u011fildir:<\/p>\n\n<ul class=\"wp-block-list\">\n<li>Dijital \u00fcr\u00fcnler veya indirilebilir i\u00e7erikler.<\/li>\n\n\n\n<li>\u00d6zelle\u015ftirilmi\u015f veya ki\u015fiselle\u015ftirilmi\u015f \u00fcr\u00fcnler.<\/li>\n\n\n\n<li>Son sat\u0131\u015f olarak i\u015faretlenmi\u015f \u00fcr\u00fcnler.<\/li>\n<\/ul>\n\n<h4 class=\"wp-block-heading\"><strong>\u0130ade S\u00fcreci<\/strong><\/h4>\n\n<ol class=\"wp-block-list\">\n<li>\u0130ade i\u015flemini ba\u015flatmak i\u00e7in <strong>info@creagio.shop<\/strong> adresinden bize ula\u015f\u0131n.<\/li>\n\n\n\n<li>Sipari\u015f numaran\u0131z\u0131, sat\u0131n alma belgenizi ve iade nedeninizi ekleyin.<\/li>\n\n\n\n<li>\u00dcr\u00fcn\u00fc iade etmek i\u00e7in talimatlar verece\u011fiz.<\/li>\n<\/ol>\n\n<hr class=\"wp-block-separator has-alpha-channel-opacity\"\/>\n\n<h3 class=\"wp-block-heading\"><strong>2. Geri \u00d6demeler<\/strong><\/h3>\n\n<h4 class=\"wp-block-heading\"><strong>Geri \u00d6deme Uygunlu\u011fu<\/strong><\/h4>\n\n<p>\u0130ade etti\u011finiz \u00fcr\u00fcn\u00fc teslim al\u0131p inceledikten sonra, para iadenizin onayland\u0131\u011f\u0131n\u0131 veya reddedildi\u011fini size bildirece\u011fiz.<\/p>\n\n<h4 class=\"wp-block-heading\"><strong>Onaylanm\u0131\u015f \u0130adeler<\/strong><\/h4>\n\n<ul class=\"wp-block-list\">\n<li>Para iadeleri, onayland\u0131ktan sonra <strong>3 g\u00fcn<\/strong> i\u00e7inde orijinal \u00f6deme y\u00f6nteminize i\u015flenecektir.<\/li>\n\n\n\n<li>\u0130ade bizim taraf\u0131m\u0131zdan yap\u0131lan bir hatadan kaynaklanmad\u0131\u011f\u0131 s\u00fcrece nakliye masraflar\u0131 iade edilmez.<\/li>\n<\/ul>\n\n<h4 class=\"wp-block-heading\"><strong>K\u0131smi \u0130adeler<\/strong><\/h4>\n\n<p>Baz\u0131 durumlarda, orijinal durumda olmayan veya uygun zaman diliminin \u00f6tesinde iade edilen \u00fcr\u00fcnler gibi yaln\u0131zca k\u0131smi geri \u00f6demeler yap\u0131l\u0131r.<\/p>\n\n<hr class=\"wp-block-separator has-alpha-channel-opacity\"\/>\n\n<h3 class=\"wp-block-heading\"><strong>3. De\u011fi\u015fimler<\/strong><\/h3>\n\n<p>\u00dcr\u00fcnleri yaln\u0131zca kusurlu, hasarl\u0131 veya yanl\u0131\u015f olmalar\u0131 durumunda de\u011fi\u015ftiriyoruz. De\u011fi\u015fim yapman\u0131z gerekiyorsa, sipari\u015f bilgilerinizle birlikte <strong>info@creagio.shop<\/strong> adresinden bizimle ileti\u015fime ge\u00e7in.<\/p>\n\n<hr class=\"wp-block-separator has-alpha-channel-opacity\"\/>\n\n<h3 class=\"wp-block-heading\"><strong>4. \u0130adeler i\u00e7in Nakliye<\/strong><\/h3>\n\n<p>\u0130ade bizim hatam\u0131zdan kaynaklanmad\u0131\u011f\u0131 s\u00fcrece, iade edilen \u00fcr\u00fcnlerin nakliye masraflar\u0131n\u0131 \u00f6demekten siz sorumlusunuz. Nakliye masraflar\u0131 iade edilmez. \u0130ade etti\u011finiz \u00fcr\u00fcn\u00fcn teslim al\u0131naca\u011f\u0131n\u0131 garanti edemeyece\u011fimiz i\u00e7in takip edilebilir bir kargo hizmeti kullanman\u0131z\u0131 \u00f6neririz.<\/p>\n\n<hr class=\"wp-block-separator has-alpha-channel-opacity\"\/>\n\n<h3 class=\"wp-block-heading\"><strong>5. Hasarl\u0131 veya Yanl\u0131\u015f \u00dcr\u00fcnler<\/strong><\/h3>\n\n<p>Hasarl\u0131 veya yanl\u0131\u015f bir \u00fcr\u00fcn al\u0131rsan\u0131z, l\u00fctfen \u00fcr\u00fcn\u00fc ald\u0131ktan sonraki <strong>3 g\u00fcn<\/strong> i\u00e7inde <strong>info@creagio.shop<\/strong> adresinden bizimle ileti\u015fime ge\u00e7in. \u00dcr\u00fcn\u00fcn foto\u011fraflar\u0131n\u0131 ve sipari\u015f bilgilerinizi ekleyin.<\/p>\n\n<p><strong>Paketin hasarl\u0131 oldu\u011funu fark ederseniz, kuryenin talep s\u00fcrecine yard\u0131mc\u0131 olmak i\u00e7in l\u00fctfen a\u00e7madan \u00f6nce bir foto\u011fraf\u0131n\u0131 \u00e7ekin. \u00dcr\u00fcn hasarl\u0131ysa, hasarl\u0131 paketin ve \u00fcr\u00fcn\u00fcn foto\u011fraflar\u0131yla birlikte hemen info@creagio.shop adresinden bizimle ileti\u015fime ge\u00e7in.<\/strong><\/p>\n\n<hr class=\"wp-block-separator has-alpha-channel-opacity\"\/>\n\n<h3 class=\"wp-block-heading\"><strong>6. Bu Politikadaki De\u011fi\u015fiklikler<\/strong><\/h3>\n\n<p>Bu \u0130ade &amp; Geri \u00d6deme Politikas\u0131n\u0131 herhangi bir zamanda g\u00fcncelleme hakk\u0131m\u0131z sakl\u0131d\u0131r. De\u011fi\u015fiklikler &#8220;Son G\u00fcncelleme&#8221; tarihi ile birlikte bu sayfada yay\u0131nlanacakt\u0131r.<\/p>\n\n<hr class=\"wp-block-separator has-alpha-channel-opacity\"\/>\n\n<h3 class=\"wp-block-heading\"><strong>7. Bize Ula\u015f\u0131n<\/strong><\/h3>\n\n<p>Bu \u0130ade &amp; Geri \u00d6deme Politikas\u0131 hakk\u0131nda herhangi bir sorunuz varsa, l\u00fctfen bizimle ileti\u015fime ge\u00e7in:<\/p>\n\n<p><strong>E-posta<\/strong>: info@creagio.shop<br\/><strong>Adres<\/strong>: 71-75 Shelton Street, Covent Garden, Londra, Birle\u015fik Krall\u0131k, WC2H 9JQ<\/p>\n","protected":false},"excerpt":{"rendered":"<p>Son G\u00fcncelleme 13.12.2024 creagio.shop&#8217; ta (&#8220;biz,&#8221; &#8220;bizim,&#8221; veya &#8220;bize&#8221;) m\u00fc\u015fteri memnuniyeti \u00f6nceli\u011fimizdir. Sat\u0131n alma i\u015fleminizden tam olarak memnun kalmazsan\u0131z, size<\/p>\n","protected":false},"author":1,"featured_media":0,"parent":0,"menu_order":0,"comment_status":"closed","ping_status":"closed","template":"","meta":{"footnotes":""},"class_list":["post-16439","page","type-page","status-publish","hentry"],"_links":{"self":[{"href":"https:\/\/creagio.shop\/tr\/wp-json\/wp\/v2\/pages\/16439","targetHints":{"allow":["GET"]}}],"collection":[{"href":"https:\/\/creagio.shop\/tr\/wp-json\/wp\/v2\/pages"}],"about":[{"href":"https:\/\/creagio.shop\/tr\/wp-json\/wp\/v2\/types\/page"}],"author":[{"embeddable":true,"href":"https:\/\/creagio.shop\/tr\/wp-json\/wp\/v2\/users\/1"}],"replies":[{"embeddable":true,"href":"https:\/\/creagio.shop\/tr\/wp-json\/wp\/v2\/comments?post=16439"}],"version-history":[{"count":4,"href":"https:\/\/creagio.shop\/tr\/wp-json\/wp\/v2\/pages\/16439\/revisions"}],"predecessor-version":[{"id":16771,"href":"https:\/\/creagio.shop\/tr\/wp-json\/wp\/v2\/pages\/16439\/revisions\/16771"}],"wp:attachment":[{"href":"https:\/\/creagio.shop\/tr\/wp-json\/wp\/v2\/media?parent=16439"}],"curies":[{"name":"wp","href":"https:\/\/api.w.org\/{rel}","templated":true}]}}