{"id":16437,"date":"2024-09-20T07:08:52","date_gmt":"2024-09-20T07:08:52","guid":{"rendered":"https:\/\/creagio.shop\/gizlilik-politikasi\/"},"modified":"2024-12-14T10:56:43","modified_gmt":"2024-12-14T10:56:43","slug":"gizlilik-politikasi","status":"publish","type":"page","link":"https:\/\/creagio.shop\/tr\/gizlilik-politikasi\/","title":{"rendered":"Gizlilik Politikas\u0131"},"content":{"rendered":"\n<h2 class=\"wp-block-heading\"><strong>Son G\u00fcncelleme 13.12.2024<\/strong><\/h2>\n\n<p>creagio.shop&#8217;a** (&#8220;biz&#8221;, &#8220;bizim&#8221; veya &#8220;bize&#8221;) ho\u015f geldiniz. Gizlili\u011finiz bizim i\u00e7in kritik \u00f6neme sahiptir. Bu Gizlilik Politikas\u0131, web sitemizi (https:\/\/www.creagio.shop) ziyaret etti\u011finizde ve hizmetlerimizle etkile\u015fimde bulundu\u011funuzda sizinle ilgili bilgileri nas\u0131l toplad\u0131\u011f\u0131m\u0131z\u0131, kulland\u0131\u011f\u0131m\u0131z\u0131 ve if\u015fa etti\u011fimizi a\u00e7\u0131klamaktad\u0131r.  <\/p>\n\n<p><strong>### 1. **Toplad\u0131\u011f\u0131m\u0131z Bilgiler** <\/strong><\/p>\n\n<p>Bilgileri a\u015fa\u011f\u0131daki \u015fekillerde toplar\u0131z:<\/p>\n\n<p><strong>#### a. **Bize Sa\u011flad\u0131\u011f\u0131n\u0131z Bilgiler** <\/strong><\/p>\n\n<p>&#8211; Bir sat\u0131n alma i\u015flemi ger\u00e7ekle\u015ftirdi\u011finizde ad\u0131n\u0131z, e-posta adresiniz, g\u00f6nderim adresiniz ve telefon numaran\u0131z.<\/p>\n\n<p>&#8211; \u00d6deme bilgileri (\u00fc\u00e7\u00fcnc\u00fc taraf \u00f6deme i\u015flemcileri arac\u0131l\u0131\u011f\u0131yla g\u00fcvenli bir \u015fekilde i\u015flenir).<\/p>\n\n<p>&#8211; Sitemizde bir hesap olu\u015fturursan\u0131z hesap bilgileri.<\/p>\n\n<p><strong>#### b. **Otomatik Olarak Toplad\u0131\u011f\u0131m\u0131z Bilgiler** <\/strong><\/p>\n\n<p>&#8211; IP adresi, taray\u0131c\u0131 t\u00fcr\u00fc ve cihaz bilgileri.<\/p>\n\n<p>&#8211; Sitemizde gezinme davran\u0131\u015f\u0131 (\u00f6r. g\u00f6r\u00fcnt\u00fclenen sayfalar, harcanan zaman).<\/p>\n\n<p>&#8211; \u00c7erezler ve benzer teknolojiler (ayr\u0131nt\u0131lar i\u00e7in \u00c7erez Politikam\u0131za bak\u0131n).<\/p>\n\n<p><strong>### 2. **Bilgilerinizi Nas\u0131l Kullan\u0131yoruz** <\/strong><\/p>\n\n<p>Toplad\u0131\u011f\u0131m\u0131z bilgileri a\u015fa\u011f\u0131daki ama\u00e7lar i\u00e7in kullan\u0131r\u0131z:<\/p>\n\n<p>&#8211; Nakliye ve \u00f6demeler dahil olmak \u00fczere sipari\u015fleri i\u015flemek ve yerine getirmek i\u00e7in.<\/p>\n\n<p>&#8211; M\u00fc\u015fteri deste\u011fi sa\u011flamak ve sorulara yan\u0131t vermek.<\/p>\n\n<p>&#8211; Al\u0131\u015fveri\u015f deneyiminizi ki\u015fiselle\u015ftirmek i\u00e7in.<\/p>\n\n<p>&#8211; \u0130zninizle pazarlama ileti\u015fimleri g\u00f6ndermek i\u00e7in.<\/p>\n\n<p>&#8211; Hizmetlerimizi ve web sitemizi analiz etmek ve geli\u015ftirmek i\u00e7in.<\/p>\n\n<p>&#8211; Yasal y\u00fck\u00fcml\u00fcl\u00fcklere uymak i\u00e7in.<\/p>\n\n<p><strong>### 3. **Bilgilerinizi Payla\u015fma** <\/strong><\/p>\n\n<p>Bilgilerinizi \u015fu ki\u015filerle payla\u015fabiliriz:<\/p>\n\n<p>&#8211; Hizmet sa\u011flay\u0131c\u0131lar**: \u00d6deme i\u015fleme, sipari\u015f kar\u015f\u0131lama ve pazarlama i\u00e7in.<\/p>\n\n<p>&#8211; Yasal makamlar**: Yasalar gerektirdi\u011finde veya haklar\u0131m\u0131z\u0131 korumak i\u00e7in.<\/p>\n\n<p>&#8211; **\u0130\u015f transferleri**: \u0130\u015fletmemizin birle\u015fmesi, sat\u0131\u015f\u0131 veya yeniden d\u00fczenlenmesi durumunda.<\/p>\n\n<p><strong>### 4. **Haklar\u0131n\u0131z** <\/strong><\/p>\n\n<p>Birle\u015fik Krall\u0131k&#8217;ta veya di\u011fer ge\u00e7erli b\u00f6lgelerde ikamet eden biri olarak, a\u015fa\u011f\u0131daki haklara sahipsiniz:<\/p>\n\n<p>&#8211; Ki\u015fisel verilerinize eri\u015fin.<\/p>\n\n<p>&#8211; Yanl\u0131\u015f veya eksik verilerin d\u00fczeltilmesini talep edin.<\/p>\n\n<p>&#8211; Verilerinizin silinmesini talep etme (yasal y\u00fck\u00fcml\u00fcl\u00fcklere tabi olarak).<\/p>\n\n<p>&#8211; Verilerinizin i\u015flenmesine itiraz etme veya k\u0131s\u0131tlama.<\/p>\n\n<p>&#8211; Veri i\u015fleme iznini geri \u00e7ekme.<\/p>\n\n<p>Bu haklar\u0131 kullanmak i\u00e7in l\u00fctfen **info@creagio.shop** adresinden bizimle ileti\u015fime ge\u00e7in.<\/p>\n\n<p><strong>### 5. **Veri Saklama** <\/strong><\/p>\n\n<p>Verilerinizi yaln\u0131zca bu politikada belirtilen ama\u00e7lar i\u00e7in gerekli oldu\u011fu s\u00fcrece veya yasalar\u0131n gerektirdi\u011fi \u015fekilde saklar\u0131z.<\/p>\n\n<p><strong>### 6. **\u00c7erezler** <\/strong><\/p>\n\n<p>\u00c7erezleri nas\u0131l kulland\u0131\u011f\u0131m\u0131zla ilgili ayr\u0131nt\u0131lar i\u00e7in l\u00fctfen **\u00c7erezler Politikam\u0131za** bak\u0131n.<\/p>\n\n<p><strong>### 7. **Veri G\u00fcvenli\u011fi** <\/strong><\/p>\n\n<p>Ki\u015fisel verilerinizi korumak i\u00e7in uygun teknik ve organizasyonel \u00f6nlemleri uyguluyoruz. Ancak, internet \u00fczerinden hi\u00e7bir iletim y\u00f6ntemi %100 g\u00fcvenli de\u011fildir. <\/p>\n\n<p><strong>### 8. **Bu Gizlilik Politikas\u0131ndaki De\u011fi\u015fiklikler** <\/strong><\/p>\n\n<p>Bu Gizlilik Politikas\u0131n\u0131 periyodik olarak g\u00fcncelleyebiliriz. De\u011fi\u015fiklikler bu sayfada &#8220;Son G\u00fcncelleme&#8221; tarihi ile birlikte yay\u0131nlanacakt\u0131r. <\/p>\n\n<p><strong>### 9. **Bize Ula\u015f\u0131n** <\/strong><\/p>\n\n<p>Bu Gizlilik Politikas\u0131 hakk\u0131nda herhangi bir sorunuz varsa, l\u00fctfen bizimle ileti\u015fime ge\u00e7in:<\/p>\n\n<p>**Email**: info@creagio.shop <\/p>\n\n<p>**Adres**: 71-75 Shelton Street, Covent Garden, Londra, Birle\u015fik Krall\u0131k, WC2H 9JQ<\/p>\n","protected":false},"excerpt":{"rendered":"<p>Son G\u00fcncelleme 13.12.2024 creagio.shop&#8217;a** (&#8220;biz&#8221;, &#8220;bizim&#8221; veya &#8220;bize&#8221;) ho\u015f geldiniz. Gizlili\u011finiz bizim i\u00e7in kritik \u00f6neme sahiptir. Bu Gizlilik Politikas\u0131, web<\/p>\n","protected":false},"author":1,"featured_media":0,"parent":0,"menu_order":0,"comment_status":"closed","ping_status":"open","template":"","meta":{"footnotes":""},"class_list":["post-16437","page","type-page","status-publish","hentry"],"_links":{"self":[{"href":"https:\/\/creagio.shop\/tr\/wp-json\/wp\/v2\/pages\/16437","targetHints":{"allow":["GET"]}}],"collection":[{"href":"https:\/\/creagio.shop\/tr\/wp-json\/wp\/v2\/pages"}],"about":[{"href":"https:\/\/creagio.shop\/tr\/wp-json\/wp\/v2\/types\/page"}],"author":[{"embeddable":true,"href":"https:\/\/creagio.shop\/tr\/wp-json\/wp\/v2\/users\/1"}],"replies":[{"embeddable":true,"href":"https:\/\/creagio.shop\/tr\/wp-json\/wp\/v2\/comments?post=16437"}],"version-history":[{"count":3,"href":"https:\/\/creagio.shop\/tr\/wp-json\/wp\/v2\/pages\/16437\/revisions"}],"predecessor-version":[{"id":16444,"href":"https:\/\/creagio.shop\/tr\/wp-json\/wp\/v2\/pages\/16437\/revisions\/16444"}],"wp:attachment":[{"href":"https:\/\/creagio.shop\/tr\/wp-json\/wp\/v2\/media?parent=16437"}],"curies":[{"name":"wp","href":"https:\/\/api.w.org\/{rel}","templated":true}]}}