{"id":16433,"date":"2024-12-13T15:10:25","date_gmt":"2024-12-13T15:10:25","guid":{"rendered":"https:\/\/creagio.shop\/cerez-politikasi\/"},"modified":"2024-12-14T10:53:14","modified_gmt":"2024-12-14T10:53:14","slug":"cerez-politikasi","status":"publish","type":"page","link":"https:\/\/creagio.shop\/tr\/cerez-politikasi\/","title":{"rendered":"\u00c7erez Politikas\u0131"},"content":{"rendered":"\n<p><strong>Son G\u00fcncelleme 13.12.2024<\/strong><\/p>\n\n<p><strong>creagio.shop<\/strong> (&#8220;biz&#8221;, &#8220;bizim&#8221; veya &#8220;bize&#8221;), tarama deneyiminizi geli\u015ftirmek ve temel i\u015flevleri sa\u011flamak i\u00e7in web sitemizde<a href=\"https:\/\/www.creagio.shop\">(https:\/\/www.creagio.shop<\/a>) \u00e7erezler ve benzer teknolojiler kullan\u0131r. Bu \u00c7erez Politikas\u0131, \u00e7erezlerin ne oldu\u011funu, bunlar\u0131 nas\u0131l kulland\u0131\u011f\u0131m\u0131z\u0131 ve bunlar\u0131n kullan\u0131m\u0131na ili\u015fkin se\u00e7imlerinizi a\u00e7\u0131klamaktad\u0131r.<\/p>\n\n<hr class=\"wp-block-separator has-alpha-channel-opacity\"\/>\n\n<h3 class=\"wp-block-heading\"><strong>1. \u00c7erezler Nedir?<\/strong><\/h3>\n\n<p>\u00c7erezler, bir web sitesini ziyaret etti\u011finizde cihaz\u0131n\u0131zda depolanan k\u00fc\u00e7\u00fck metin dosyalar\u0131d\u0131r. Web sitesinin cihaz\u0131n\u0131z\u0131 tan\u0131mas\u0131n\u0131 ve tercihleriniz veya eylemleriniz hakk\u0131nda bilgi depolamas\u0131n\u0131 sa\u011flarlar.<\/p>\n\n<hr class=\"wp-block-separator has-alpha-channel-opacity\"\/>\n\n<h3 class=\"wp-block-heading\"><strong>2. Kulland\u0131\u011f\u0131m\u0131z \u00c7erez T\u00fcrleri<\/strong><\/h3>\n\n<h4 class=\"wp-block-heading\"><strong>a. Temel \u00c7erezler<\/strong><\/h4>\n\n<p>Bu \u00e7erezler web sitesinin d\u00fczg\u00fcn \u00e7al\u0131\u015fmas\u0131 i\u00e7in gereklidir. G\u00fcvenlik, eri\u015filebilirlik ve sipari\u015f i\u015fleme gibi temel i\u015flevleri sa\u011flarlar.<\/p>\n\n<h4 class=\"wp-block-heading\"><strong>b. Performans \u00c7erezleri<\/strong><\/h4>\n\n<p>Bu \u00e7erezler, ziyaret\u00e7ilerin sitemizi nas\u0131l kulland\u0131klar\u0131 hakk\u0131nda, \u00f6rne\u011fin en s\u0131k hangi sayfalar\u0131n ziyaret edildi\u011fi gibi anonim bilgiler toplar. Bu, web sitesinin performans\u0131n\u0131 iyile\u015ftirmemize yard\u0131mc\u0131 olur.<\/p>\n\n<h4 class=\"wp-block-heading\"><strong>c. Fonksiyonel \u00c7erezler<\/strong><\/h4>\n\n<p>Bu \u00e7erezler, daha ki\u015fiselle\u015ftirilmi\u015f bir deneyim sunmak i\u00e7in dil ve b\u00f6lge ayarlar\u0131 gibi tercihlerinizi hat\u0131rlamam\u0131z\u0131 sa\u011flar.<\/p>\n\n<h4 class=\"wp-block-heading\"><strong>d. Pazarlama \u00c7erezleri<\/strong><\/h4>\n\n<p>Bu \u00e7erezler, ilgi alanlar\u0131n\u0131za g\u00f6re size alakal\u0131 reklamlar g\u00f6stermek i\u00e7in tarama al\u0131\u015fkanl\u0131klar\u0131n\u0131z\u0131 izler.<\/p>\n\n<hr class=\"wp-block-separator has-alpha-channel-opacity\"\/>\n\n<h3 class=\"wp-block-heading\"><strong>3. \u00c7erezleri Nas\u0131l Kullan\u0131yoruz<\/strong><\/h3>\n\n<p>\u00c7erezleri \u015fu ama\u00e7larla kullan\u0131yoruz:<\/p>\n\n<ul class=\"wp-block-list\">\n<li>Tercihlerinizi ve al\u0131\u015fveri\u015f sepeti \u00f6\u011felerinizi hat\u0131rlay\u0131n.<\/li>\n\n\n\n<li>Site performans\u0131n\u0131 ve kullan\u0131c\u0131 davran\u0131\u015f\u0131n\u0131 analiz edin.<\/li>\n\n\n\n<li>Hedefli reklamlar sunun ve bunlar\u0131n etkinli\u011fini \u00f6l\u00e7\u00fcn.<\/li>\n<\/ul>\n\n<hr class=\"wp-block-separator has-alpha-channel-opacity\"\/>\n\n<h3 class=\"wp-block-heading\"><strong>4. \u00dc\u00e7\u00fcnc\u00fc Taraf \u00c7erezleri<\/strong><\/h3>\n\n<p>Analitik veya reklam ortaklar\u0131 gibi \u00fc\u00e7\u00fcnc\u00fc taraf hizmet sa\u011flay\u0131c\u0131lar\u0131n\u0131n cihaz\u0131n\u0131za \u00e7erez yerle\u015ftirmesine izin verebiliriz. Bu \u00e7erezler, ilgili \u00fc\u00e7\u00fcnc\u00fc taraf\u0131n gizlilik politikalar\u0131na tabidir. \u00d6rnekler \u015funlar\u0131 i\u00e7erir:<\/p>\n\n<ul class=\"wp-block-list\">\n<li>Google Analytics<\/li>\n\n\n\n<li>Facebook Pixel<\/li>\n<\/ul>\n\n<hr class=\"wp-block-separator has-alpha-channel-opacity\"\/>\n\n<h3 class=\"wp-block-heading\"><strong>5. Sizin Se\u00e7imleriniz<\/strong><\/h3>\n\n<p>Taray\u0131c\u0131 ayarlar\u0131n\u0131z arac\u0131l\u0131\u011f\u0131yla \u00e7erezleri kontrol edebilir veya devre d\u0131\u015f\u0131 b\u0131rakabilirsiniz. Belirli \u00e7erezlerin devre d\u0131\u015f\u0131 b\u0131rak\u0131lmas\u0131n\u0131n web sitemizin i\u015flevselli\u011fini etkileyebilece\u011fini l\u00fctfen unutmay\u0131n.<\/p>\n\n<p>\u00c7erezleri y\u00f6netme hakk\u0131nda daha fazla bilgi i\u00e7in<a href=\"https:\/\/www.allaboutcookies.org\"> www.allaboutcookies.org<\/a> adresini ziyaret edin.<\/p>\n\n<hr class=\"wp-block-separator has-alpha-channel-opacity\"\/>\n\n<h3 class=\"wp-block-heading\"><strong>6. Bu Politikadaki De\u011fi\u015fiklikler<\/strong><\/h3>\n\n<p>Bu \u00c7erez Politikas\u0131n\u0131 zaman zaman g\u00fcncelleyebiliriz. De\u011fi\u015fiklikler &#8220;Son G\u00fcncelleme&#8221; tarihi ile birlikte bu sayfada yay\u0131nlanacakt\u0131r.<\/p>\n\n<hr class=\"wp-block-separator has-alpha-channel-opacity\"\/>\n\n<h3 class=\"wp-block-heading\"><strong>7. Bize Ula\u015f\u0131n<\/strong><\/h3>\n\n<p>\u00c7erez Politikam\u0131z hakk\u0131nda herhangi bir sorunuz varsa, l\u00fctfen bizimle ileti\u015fime ge\u00e7in:<\/p>\n\n<p><strong>E-posta<\/strong>: info@creagio.shop<br\/><strong>Adres<\/strong>: 71-75 Shelton Street, Covent Garden, Londra, Birle\u015fik Krall\u0131k, WC2H 9JQ<\/p>\n","protected":false},"excerpt":{"rendered":"<p>Son G\u00fcncelleme 13.12.2024 creagio.shop (&#8220;biz&#8221;, &#8220;bizim&#8221; veya &#8220;bize&#8221;), tarama deneyiminizi geli\u015ftirmek ve temel i\u015flevleri sa\u011flamak i\u00e7in web sitemizde(https:\/\/www.creagio.shop) \u00e7erezler ve<\/p>\n","protected":false},"author":1,"featured_media":0,"parent":0,"menu_order":0,"comment_status":"closed","ping_status":"closed","template":"","meta":{"footnotes":""},"class_list":["post-16433","page","type-page","status-publish","hentry"],"_links":{"self":[{"href":"https:\/\/creagio.shop\/tr\/wp-json\/wp\/v2\/pages\/16433","targetHints":{"allow":["GET"]}}],"collection":[{"href":"https:\/\/creagio.shop\/tr\/wp-json\/wp\/v2\/pages"}],"about":[{"href":"https:\/\/creagio.shop\/tr\/wp-json\/wp\/v2\/types\/page"}],"author":[{"embeddable":true,"href":"https:\/\/creagio.shop\/tr\/wp-json\/wp\/v2\/users\/1"}],"replies":[{"embeddable":true,"href":"https:\/\/creagio.shop\/tr\/wp-json\/wp\/v2\/comments?post=16433"}],"version-history":[{"count":1,"href":"https:\/\/creagio.shop\/tr\/wp-json\/wp\/v2\/pages\/16433\/revisions"}],"predecessor-version":[{"id":16434,"href":"https:\/\/creagio.shop\/tr\/wp-json\/wp\/v2\/pages\/16433\/revisions\/16434"}],"wp:attachment":[{"href":"https:\/\/creagio.shop\/tr\/wp-json\/wp\/v2\/media?parent=16433"}],"curies":[{"name":"wp","href":"https:\/\/api.w.org\/{rel}","templated":true}]}}