{"id":16422,"date":"2024-12-13T15:11:52","date_gmt":"2024-12-13T15:11:52","guid":{"rendered":"https:\/\/creagio.shop\/sorumluluk-reddi\/"},"modified":"2024-12-14T10:51:17","modified_gmt":"2024-12-14T10:51:17","slug":"sorumluluk-reddi","status":"publish","type":"page","link":"https:\/\/creagio.shop\/tr\/sorumluluk-reddi\/","title":{"rendered":"Sorumluluk Reddi"},"content":{"rendered":"\n<p><strong>Son G\u00fcncelleme 13.12.2024<\/strong><\/p>\n\n<p><strong>creagio.shop&#8217;<\/strong> ta (&#8220;biz&#8221;, &#8220;bizim&#8221; veya &#8220;bize&#8221;) sa\u011flanan bilgiler yaln\u0131zca genel bilgilendirme ve e\u011fitim ama\u00e7l\u0131d\u0131r. Web sitemizi<a href=\"https:\/\/www.creagio.shop\">(https:\/\/www.creagio.shop)<\/a> kullanarak, bu Feragatnameyi kabul etmi\u015f olursunuz. <\/p>\n\n<hr class=\"wp-block-separator has-alpha-channel-opacity\"\/>\n\n<h3 class=\"wp-block-heading\"><strong>1. Profesyonel Tavsiye Yok<\/strong><\/h3>\n\n<p>\u00dcr\u00fcn a\u00e7\u0131klamalar\u0131 ve blog yaz\u0131lar\u0131 da dahil olmak \u00fczere web sitemizdeki i\u00e7erik profesyonel tavsiye niteli\u011finde de\u011fildir. Sa\u011flanan bilgilere dayanarak karar vermeden \u00f6nce her zaman kalifiye bir profesyonele dan\u0131\u015f\u0131n. <\/p>\n\n<hr class=\"wp-block-separator has-alpha-channel-opacity\"\/>\n\n<h3 class=\"wp-block-heading\"><strong>2. Garanti Yok<\/strong><\/h3>\n\n<p>Web sitemizdeki bilgilerin do\u011frulu\u011funu sa\u011flamak i\u00e7in \u00e7aba g\u00f6steriyoruz, ancak i\u00e7eri\u011fin eksiksizli\u011fi, do\u011frulu\u011fu, g\u00fcvenilirli\u011fi veya uygunlu\u011fu hakk\u0131nda a\u00e7\u0131k veya z\u0131mni hi\u00e7bir garanti, garanti veya beyanda bulunmuyoruz.<\/p>\n\n<hr class=\"wp-block-separator has-alpha-channel-opacity\"\/>\n\n<h3 class=\"wp-block-heading\"><strong>3. Kullan\u0131m Riski Size Aittir<\/strong><\/h3>\n\n<p>Web sitesini kullan\u0131m\u0131n\u0131z ve sa\u011flanan herhangi bir bilgiye g\u00fcvenmeniz tamamen sizin sorumlulu\u011funuzdad\u0131r. Web sitesini veya i\u00e7eri\u011fini kullanman\u0131zdan kaynaklanan herhangi bir kay\u0131p veya hasardan sorumlu de\u011filiz. <\/p>\n\n<hr class=\"wp-block-separator has-alpha-channel-opacity\"\/>\n\n<h3 class=\"wp-block-heading\"><strong>4. Harici Ba\u011flant\u0131lar<\/strong><\/h3>\n\n<p>Web sitemiz \u00fc\u00e7\u00fcnc\u00fc taraf web sitelerine ba\u011flant\u0131lar i\u00e7erebilir. Bu web sitelerinin i\u00e7eri\u011fini, politikalar\u0131n\u0131 veya uygulamalar\u0131n\u0131 onaylam\u0131yor veya sorumluluk alm\u0131yoruz. Harici ba\u011flant\u0131lar\u0131n kullan\u0131m riski size aittir.  <\/p>\n\n<hr class=\"wp-block-separator has-alpha-channel-opacity\"\/>\n\n<h3 class=\"wp-block-heading\"><strong>5. Sorumlulu\u011fun S\u0131n\u0131rland\u0131r\u0131lmas\u0131<\/strong><\/h3>\n\n<p>Yasalar\u0131n izin verdi\u011fi en geni\u015f \u00f6l\u00e7\u00fcde, web sitemizi veya \u00fcr\u00fcnlerimizi kullanman\u0131zdan kaynaklanan do\u011frudan, dolayl\u0131, ar\u0131zi, sonu\u00e7 olarak ortaya \u00e7\u0131kan veya \u00f6zel zararlar i\u00e7in, bu t\u00fcr zararlar\u0131n olas\u0131l\u0131\u011f\u0131 konusunda bilgilendirilmi\u015f olsak bile, t\u00fcm sorumlulu\u011fu reddederiz.<\/p>\n\n<hr class=\"wp-block-separator has-alpha-channel-opacity\"\/>\n\n<h3 class=\"wp-block-heading\"><strong>6. Bu Feragatnamedeki De\u011fi\u015fiklikler<\/strong><\/h3>\n\n<p>Bu Feragatnameyi diledi\u011fimiz zaman de\u011fi\u015ftirme hakk\u0131m\u0131z sakl\u0131d\u0131r. De\u011fi\u015fiklikler bu sayfada &#8220;Son G\u00fcncelleme&#8221; tarihi ile birlikte yay\u0131nlanacakt\u0131r. Web sitesini kullanmaya devam etmeniz, revize edilmi\u015f Feragatnameyi kabul etti\u011finiz anlam\u0131na gelir.  <\/p>\n\n<hr class=\"wp-block-separator has-alpha-channel-opacity\"\/>\n\n<h3 class=\"wp-block-heading\"><strong>7. Bize Ula\u015f\u0131n<\/strong><\/h3>\n\n<p>Bu Feragatname hakk\u0131nda herhangi bir sorunuz varsa, l\u00fctfen bizimle ileti\u015fime ge\u00e7in:<\/p>\n\n<p><strong>E-posta<\/strong>: info@creagio.shop<br\/><strong>Adres<\/strong>: 71-75 Shelton Street, Covent Garden, Londra, Birle\u015fik Krall\u0131k, WC2H 9JQ<\/p>\n","protected":false},"excerpt":{"rendered":"<p>Son G\u00fcncelleme 13.12.2024 creagio.shop&#8217; ta (&#8220;biz&#8221;, &#8220;bizim&#8221; veya &#8220;bize&#8221;) sa\u011flanan bilgiler yaln\u0131zca genel bilgilendirme ve e\u011fitim ama\u00e7l\u0131d\u0131r. Web sitemizi(https:\/\/www.creagio.shop) kullanarak,<\/p>\n","protected":false},"author":1,"featured_media":0,"parent":0,"menu_order":0,"comment_status":"closed","ping_status":"closed","template":"","meta":{"footnotes":""},"class_list":["post-16422","page","type-page","status-publish","hentry"],"_links":{"self":[{"href":"https:\/\/creagio.shop\/tr\/wp-json\/wp\/v2\/pages\/16422","targetHints":{"allow":["GET"]}}],"collection":[{"href":"https:\/\/creagio.shop\/tr\/wp-json\/wp\/v2\/pages"}],"about":[{"href":"https:\/\/creagio.shop\/tr\/wp-json\/wp\/v2\/types\/page"}],"author":[{"embeddable":true,"href":"https:\/\/creagio.shop\/tr\/wp-json\/wp\/v2\/users\/1"}],"replies":[{"embeddable":true,"href":"https:\/\/creagio.shop\/tr\/wp-json\/wp\/v2\/comments?post=16422"}],"version-history":[{"count":5,"href":"https:\/\/creagio.shop\/tr\/wp-json\/wp\/v2\/pages\/16422\/revisions"}],"predecessor-version":[{"id":16432,"href":"https:\/\/creagio.shop\/tr\/wp-json\/wp\/v2\/pages\/16422\/revisions\/16432"}],"wp:attachment":[{"href":"https:\/\/creagio.shop\/tr\/wp-json\/wp\/v2\/media?parent=16422"}],"curies":[{"name":"wp","href":"https:\/\/api.w.org\/{rel}","templated":true}]}}