{"id":16232,"date":"2021-10-12T15:51:09","date_gmt":"2021-10-12T15:51:09","guid":{"rendered":"https:\/\/creagio.shop\/benim-hakkimda\/"},"modified":"2024-12-23T12:36:30","modified_gmt":"2024-12-23T12:36:30","slug":"hakkimda","status":"publish","type":"page","link":"https:\/\/creagio.shop\/tr\/hakkimda\/","title":{"rendered":"Hakk\u0131mda"},"content":{"rendered":"\t\t<div data-elementor-type=\"wp-page\" data-elementor-id=\"16232\" class=\"elementor elementor-16232 elementor-4400\">\n\t\t\t\t<div class=\"wd-negative-gap elementor-element elementor-element-7c7c544 e-flex e-con-boxed e-con e-parent\" data-id=\"7c7c544\" data-element_type=\"container\" data-e-type=\"container\">\n\t\t\t\t\t<div class=\"e-con-inner\">\n\t\t<div class=\"elementor-element elementor-element-e7cb5cd e-con-full e-flex e-con e-child\" data-id=\"e7cb5cd\" data-element_type=\"container\" data-e-type=\"container\">\n\t\t\t\t<div class=\"elementor-element elementor-element-56aec39 elementor-widget elementor-widget-wd_image_or_svg\" data-id=\"56aec39\" data-element_type=\"widget\" data-e-type=\"widget\" data-widget_type=\"wd_image_or_svg.default\">\n\t\t\t\t<div class=\"elementor-widget-container\">\n\t\t\t\t\t\n\t\t<div class=\"wd-image text-left\">\n\t\t\t\t\t\t\t\t<img fetchpriority=\"high\" decoding=\"async\" width=\"580\" height=\"580\" src=\"https:\/\/creagio.shop\/wp-content\/uploads\/2024\/12\/aboutme.webp\" class=\"attachment-full size-full\" alt=\"\" srcset=\"https:\/\/creagio.shop\/wp-content\/uploads\/2024\/12\/aboutme.webp 580w, https:\/\/creagio.shop\/wp-content\/uploads\/2024\/12\/aboutme-300x300.webp 300w, https:\/\/creagio.shop\/wp-content\/uploads\/2024\/12\/aboutme-150x150.webp 150w, https:\/\/creagio.shop\/wp-content\/uploads\/2024\/12\/aboutme-430x430.webp 430w\" sizes=\"(max-width: 580px) 100vw, 580px\" \/>\t\t\t\t\t<\/div>\n\n\t\t\t\t\t\t<\/div>\n\t\t\t\t<\/div>\n\t\t\t\t<\/div>\n\t\t<div class=\"elementor-element elementor-element-97d6084 e-con-full e-flex e-con e-child\" data-id=\"97d6084\" data-element_type=\"container\" data-e-type=\"container\">\n\t\t\t\t<div class=\"elementor-element elementor-element-98d830b elementor-widget__width-initial wd-width-100 elementor-widget elementor-widget-wd_title\" data-id=\"98d830b\" data-element_type=\"widget\" data-e-type=\"widget\" data-widget_type=\"wd_title.default\">\n\t\t\t\t<div class=\"elementor-widget-container\">\n\t\t\t\t\t\t\t<div class=\"title-wrapper set-mb-s reset-last-child wd-title-color-primary wd-title-style-default wd-title-size-large text-left\">\n\n\t\t\t\n\t\t\t<div class=\"liner-continer\">\n\t\t\t\t<h4 class=\"woodmart-title-container title wd-fontsize-xxl\">Creagio.Shop'un Hikayesi<\/h4> \n\t\t\t\t\t\t\t<\/div>\n\n\t\t\t\t\t<\/div>\n\t\t\t\t\t\t<\/div>\n\t\t\t\t<\/div>\n\t\t\t\t<div class=\"elementor-element elementor-element-66e47ad elementor-widget elementor-widget-wd_text_block\" data-id=\"66e47ad\" data-element_type=\"widget\" data-e-type=\"widget\" data-widget_type=\"wd_text_block.default\">\n\t\t\t\t<div class=\"elementor-widget-container\">\n\t\t\t\t\t\t\t<div class=\"wd-text-block reset-last-child text-left\">\n\t\t\t\n\t\t\t<p>Ben G\u00f6zen Kamaz, \u0130zmir'de ya\u015fayan tutkulu bir tasar\u0131mc\u0131 ve zanaatk\u00e2r\u0131m. Grafik sanatlar alan\u0131ndaki sa\u011flam bir e\u011fitim temelim ve \u00f6d\u00fcll\u00fc projeler yaratma ge\u00e7mi\u015fimle, hikaye anlat\u0131m\u0131n\u0131 el i\u015f\u00e7ili\u011fiyle harmanlamaya adanm\u0131\u015f bir yolculu\u011fa \u00e7\u0131kt\u0131m. Sanata ve yarat\u0131c\u0131l\u0131\u011fa olan sevgim, 2024 y\u0131l\u0131nda el yap\u0131m\u0131 vitraylar\u0131n zamans\u0131z g\u00fczelli\u011fini kutlayan Creagio.shop markas\u0131n\u0131 kurmama ilham verdi.<\/p><p>Koleksiyonumuzdaki her par\u00e7a, do\u011fan\u0131n renklerinden, okyanusun dinginli\u011finden ve s\u00fcrd\u00fcr\u00fclebilir sanata olan tutkumuzdan ilham alarak d\u00fc\u015f\u00fcnceli bir \u015fekilde tasarlan\u0131r ve \u00f6zenle el i\u015f\u00e7ili\u011fiyle \u00fcretilir. S\u00fcrecimizde, y\u00fcksek kaliteli malzemeler ve \u00e7evre dostu teknikler kullanarak benzersiz, dayan\u0131kl\u0131 ve anlaml\u0131 tasar\u0131mlar olu\u015fturuyoruz.<\/p><p>\u0130ster \u00e7arp\u0131c\u0131 bir dekoratif par\u00e7a ister duygusal bir hediye aray\u0131n, Creagio.shop, \u0131\u015f\u0131k, renk ve karakterle alanlar\u0131 ayd\u0131nlatan tasar\u0131mlar sunar. Her \u00fcr\u00fcn, \u00f6zenle ve adanm\u0131\u015fl\u0131kla haz\u0131rlanarak hayat\u0131n\u0131za ne\u015fe ve g\u00fczellik katmak i\u00e7in bir hikaye anlat\u0131r.<\/p><p>Bu sanatsal yolculu\u011fun bir par\u00e7as\u0131 oldu\u011funuz ve el yap\u0131m\u0131 sanat\u0131 destekledi\u011finiz i\u00e7in te\u015fekk\u00fcr ederiz! Koleksiyonumuzu ke\u015ffedin ve Creagio.shop\u2019un zamans\u0131z cazibesiyle d\u00fcnyan\u0131z\u0131 ayd\u0131nlatmas\u0131na izin verin.<\/p>\n\t\t\t\t\t<\/div>\n\t\t\t\t\t\t<\/div>\n\t\t\t\t<\/div>\n\t\t\t\t<\/div>\n\t\t\t\t\t<\/div>\n\t\t\t\t<\/div>\n\t\t\t\t<\/div>\n\t\t","protected":false},"excerpt":{"rendered":"<p>Creagio.Shop&#8217;un Hikayesi Ben G\u00f6zen Kamaz, \u0130zmir&#8217;de ya\u015fayan tutkulu bir tasar\u0131mc\u0131 ve zanaatk\u00e2r\u0131m. Grafik sanatlar alan\u0131ndaki sa\u011flam bir e\u011fitim temelim ve<\/p>\n","protected":false},"author":1,"featured_media":0,"parent":0,"menu_order":0,"comment_status":"closed","ping_status":"closed","template":"","meta":{"footnotes":""},"class_list":["post-16232","page","type-page","status-publish","hentry"],"_links":{"self":[{"href":"https:\/\/creagio.shop\/tr\/wp-json\/wp\/v2\/pages\/16232","targetHints":{"allow":["GET"]}}],"collection":[{"href":"https:\/\/creagio.shop\/tr\/wp-json\/wp\/v2\/pages"}],"about":[{"href":"https:\/\/creagio.shop\/tr\/wp-json\/wp\/v2\/types\/page"}],"author":[{"embeddable":true,"href":"https:\/\/creagio.shop\/tr\/wp-json\/wp\/v2\/users\/1"}],"replies":[{"embeddable":true,"href":"https:\/\/creagio.shop\/tr\/wp-json\/wp\/v2\/comments?post=16232"}],"version-history":[{"count":17,"href":"https:\/\/creagio.shop\/tr\/wp-json\/wp\/v2\/pages\/16232\/revisions"}],"predecessor-version":[{"id":16803,"href":"https:\/\/creagio.shop\/tr\/wp-json\/wp\/v2\/pages\/16232\/revisions\/16803"}],"wp:attachment":[{"href":"https:\/\/creagio.shop\/tr\/wp-json\/wp\/v2\/media?parent=16232"}],"curies":[{"name":"wp","href":"https:\/\/api.w.org\/{rel}","templated":true}]}}